{"id":240,"date":"2022-07-12T14:13:46","date_gmt":"2022-07-12T12:13:46","guid":{"rendered":"https:\/\/new.stopdoc.de\/?page_id=240"},"modified":"2025-03-03T15:33:44","modified_gmt":"2025-03-03T14:33:44","slug":"kontakt","status":"publish","type":"page","link":"https:\/\/stopdoc.de\/index.php\/en\/kontakt\/","title":{"rendered":"Contact"},"content":{"rendered":"<div id='layer_slider_1'  class='avia-layerslider main_color avia-shadow  avia-builder-el-0  el_before_av_one_full  avia-builder-el-first  container_wrap fullsize'  style='height: 11px;'  ><\/div><div id='after_layer_slider_1'  class='main_color av_default_container_wrap container_wrap fullsize'  ><div class='container av-section-cont-open' ><div class='template-page content  av-content-full alpha units'><div class='post-entry post-entry-type-page post-entry-240'><div class='entry-content-wrapper clearfix'>\n<div class='flex_column av-2i5tq0-3f5ca3ca33a4d07e5db1c14f40b51f0e av_one_full  avia-builder-el-1  el_after_av_layerslider  el_before_av_section  avia-builder-el-no-sibling  first flex_column_div '     ><style type=\"text\/css\" data-created_by=\"avia_inline_auto\" id=\"style-css-av-l6ou5twj-27fe22f52d843dd565734ef9c125ec44\">\n#top .av-special-heading.av-l6ou5twj-27fe22f52d843dd565734ef9c125ec44{\npadding-bottom:10px;\n}\nbody .av-special-heading.av-l6ou5twj-27fe22f52d843dd565734ef9c125ec44 .av-special-heading-tag .heading-char{\nfont-size:25px;\n}\n.av-special-heading.av-l6ou5twj-27fe22f52d843dd565734ef9c125ec44 .av-subheading{\nfont-size:15px;\n}\n<\/style>\n<div  class='av-special-heading av-l6ou5twj-27fe22f52d843dd565734ef9c125ec44 av-special-heading-h1 blockquote modern-quote modern-centered  avia-builder-el-2  avia-builder-el-no-sibling '><h1 class='av-special-heading-tag'  itemprop=\"headline\"  >Contact <span class='special_amp'>&amp;<\/span> request form<\/h1><div class=\"special-heading-border\"><div class=\"special-heading-inner-border\"><\/div><\/div><\/div><\/div>\n<\/div><\/div><\/div><!-- close content main div --><\/div><\/div><div id='av_section_1'  class='avia-section av-8q7ww-adb6252e0d5a52fc308dea5ea04a0686 main_color avia-section-default avia-no-border-styling  avia-builder-el-3  el_after_av_one_full  avia-builder-el-last  avia-bg-style-scroll container_wrap fullsize'  ><div class='container av-section-cont-open' ><div class='template-page content  av-content-full alpha units'><div class='post-entry post-entry-type-page post-entry-240'><div class='entry-content-wrapper clearfix'>\n<div class='flex_column av-27nz3k-714030b0c36e987b6b1e035e0177a915 av_one_half  avia-builder-el-4  el_before_av_one_half  avia-builder-el-first  first flex_column_div '     ><section  class='av_textblock_section av-7mgl4-5bcdd704d0b7fb515baf8b588848852b'  itemscope=\"itemscope\" itemtype=\"https:\/\/schema.org\/CreativeWork\" ><div class='avia_textblock'  itemprop=\"text\" ><p><strong>How to reach us:<\/strong><\/p>\n<p><span class=\"SpellE\"><b>StopDoc<\/b><\/span><b> Training GmbH<\/b><\/p>\n<p><b>Dr.-Ing. Ralf Leiter<br \/>\n<\/b>Im Band 6B<b><br \/>\n<\/b>56743 <span class=\"SpellE\">Mendig<\/span><\/p>\n<p>Tel.:+49 170 440 7609<br \/>\nE-Mail: doc.leiter@gmx.de<\/p>\n<p><strong>Johannes Leiter<\/strong><\/p>\n<p><span style=\"color: #000000;\"><span lang=\"en-US\">StopDoc Consulting J. Leiter<br \/>\n<\/span><\/span><span style=\"color: #000000;\">Am Klingenbach 53<br \/>\n<\/span><span style=\"color: #000000;\">70188 Stuttgart<\/span><\/p>\n<p><span style=\"color: #000000;\">Germany<\/span><\/p>\n<p><span style=\"color: #000000;\">Email: Johannes.Leiter@gmx.de<\/span><\/p>\n<\/div><\/section><\/div><div class='flex_column av-1z7qxs-06dfacd14084ba462ddcafbbfdd9827a av_one_half  avia-builder-el-6  el_after_av_one_half  avia-builder-el-last  flex_column_div '     ><form action=\"https:\/\/stopdoc.de\/index.php\/en\/kontakt\/\" method=\"post\"  class=\"avia_ajax_form av-form-labels-visible   avia-builder-el-7  avia-builder-el-no-sibling   \" data-avia-form-id=\"1\" data-avia-redirect='' ><h3 class=''>Email us<\/h3><fieldset><p class='  first_form  form_element form_fullwidth' id='element_avia_1_1'><label for=\"avia_1_1\">company<\/label> <input name=\"avia_1_1\" class=\"text_input \" type=\"text\" id=\"avia_1_1\" value=\"\" \/><\/p><p class='  first_form  form_element form_fullwidth' id='element_avia_2_1'><label for=\"avia_2_1\">name <abbr class=\"required\" title=\"ben\u00f6tigt\">*<\/abbr><\/label> <input name=\"avia_2_1\" class=\"text_input is_empty\" type=\"text\" id=\"avia_2_1\" value=\"\" \/><\/p><p class='  first_form  form_element form_fullwidth' id='element_avia_3_1'><label for=\"avia_3_1\">address <abbr class=\"required\" title=\"ben\u00f6tigt\">*<\/abbr><\/label> <input name=\"avia_3_1\" class=\"text_input is_empty\" type=\"text\" id=\"avia_3_1\" value=\"\" \/><\/p><p class='  first_form  form_element form_fullwidth' id='element_avia_4_1'><label for=\"avia_4_1\">Postal code and city <abbr class=\"required\" title=\"ben\u00f6tigt\">*<\/abbr><\/label> <input name=\"avia_4_1\" class=\"text_input is_empty\" type=\"text\" id=\"avia_4_1\" value=\"\" \/><\/p><p class='  first_form  form_element form_fullwidth' id='element_avia_5_1'><label for=\"avia_5_1\">email <abbr class=\"required\" title=\"ben\u00f6tigt\">*<\/abbr><\/label> <input name=\"avia_5_1\" class=\"text_input is_email\" type=\"text\" id=\"avia_5_1\" value=\"\" \/><\/p><p class='  first_form  form_element form_fullwidth' id='element_avia_6_1'><label for=\"avia_6_1\">phone <abbr class=\"required\" title=\"ben\u00f6tigt\">*<\/abbr><\/label> <input name=\"avia_6_1\" class=\"text_input is_empty\" type=\"text\" id=\"avia_6_1\" value=\"\" \/><\/p><p class='  first_form  form_element form_fullwidth' id='element_avia_7_1'><label for=\"avia_7_1\">subject <abbr class=\"required\" title=\"ben\u00f6tigt\">*<\/abbr><\/label> <input name=\"avia_7_1\" class=\"text_input is_empty\" type=\"text\" id=\"avia_7_1\" value=\"\" \/><\/p><p class='  first_form  form_element form_fullwidth' id='element_avia_8_1'><label for=\"avia_8_1\" class=\"textare_label hidden textare_label_avia_8_1\"> message <abbr class=\"required\" title=\"ben\u00f6tigt\">*<\/abbr><\/label><textarea  name=\"avia_8_1\" class=\"text_area is_empty\" cols=\"40\" rows=\"7\" id=\"avia_8_1\" ><\/textarea><\/p><p class='  first_form  form_element form_fullwidth av-last-visible-form-element' id='element_avia_9_1'><input  name=\"avia_9_1\" class=\"input_checkbox is_empty\" type=\"checkbox\" id=\"avia_9_1\" value=\"true\"\/><label class=\"input_checkbox_label\" for=\"avia_9_1\">I have read the privacy policy and accept it. <abbr class=\"required\" title=\"ben\u00f6tigt\">*<\/abbr><\/label><\/p><p class=\"hidden\"><input type=\"text\" name=\"avia_10_1\" class=\"hidden \" id=\"avia_10_1\" value=\"\" \/><\/p><p class=\"form_element \"><input type=\"hidden\" value=\"1\" name=\"avia_generated_form1\" \/><input type=\"submit\" value=\"send\" class=\"button\"  data-sending-label=\"Sende\"\/><\/p><\/fieldset><\/form><div id=\"ajaxresponse_1\" class=\"ajaxresponse ajaxresponse_1 hidden\"><\/div><\/div>\n","protected":false},"excerpt":{"rendered":"","protected":false},"author":1,"featured_media":0,"parent":0,"menu_order":0,"comment_status":"closed","ping_status":"closed","template":"","meta":{"footnotes":""},"class_list":["post-240","page","type-page","status-publish","hentry"],"yoast_head":"<!-- This site is optimized with the Yoast SEO plugin v27.2 - https:\/\/yoast.com\/product\/yoast-seo-wordpress\/ -->\n<title>Contact - Stopdoc - Fachvortr\u00e4ge im Bereich Fahrzeugtechnik, Kfz-Elektronik, Management und Personalf\u00fchrung<\/title>\n<meta name=\"robots\" content=\"index, follow, max-snippet:-1, max-image-preview:large, max-video-preview:-1\" \/>\n<link rel=\"canonical\" href=\"https:\/\/stopdoc.de\/index.php\/en\/kontakt\/\" \/>\n<meta property=\"og:locale\" content=\"de_DE\" \/>\n<meta property=\"og:type\" content=\"article\" \/>\n<meta property=\"og:title\" content=\"Contact - Stopdoc - Fachvortr\u00e4ge im Bereich Fahrzeugtechnik, Kfz-Elektronik, Management und Personalf\u00fchrung\" \/>\n<meta property=\"og:url\" content=\"https:\/\/stopdoc.de\/index.php\/en\/kontakt\/\" \/>\n<meta property=\"og:site_name\" content=\"Stopdoc - Fachvortr\u00e4ge im Bereich Fahrzeugtechnik, Kfz-Elektronik, Management und Personalf\u00fchrung\" \/>\n<meta property=\"article:modified_time\" content=\"2025-03-03T14:33:44+00:00\" \/>\n<meta name=\"twitter:card\" content=\"summary_large_image\" \/>\n<meta name=\"twitter:label1\" content=\"Gesch\u00e4tzte Lesezeit\" \/>\n\t<meta name=\"twitter:data1\" content=\"10\u00a0Minuten\" \/>\n<script type=\"application\/ld+json\" class=\"yoast-schema-graph\">{\"@context\":\"https:\/\/schema.org\",\"@graph\":[{\"@type\":\"WebPage\",\"@id\":\"https:\/\/stopdoc.de\/index.php\/en\/kontakt\/\",\"url\":\"https:\/\/stopdoc.de\/index.php\/en\/kontakt\/\",\"name\":\"Contact - Stopdoc - Fachvortr\u00e4ge im Bereich Fahrzeugtechnik, Kfz-Elektronik, Management und Personalf\u00fchrung\",\"isPartOf\":{\"@id\":\"https:\/\/stopdoc.de\/#website\"},\"datePublished\":\"2022-07-12T12:13:46+00:00\",\"dateModified\":\"2025-03-03T14:33:44+00:00\",\"breadcrumb\":{\"@id\":\"https:\/\/stopdoc.de\/index.php\/en\/kontakt\/#breadcrumb\"},\"inLanguage\":\"de\",\"potentialAction\":[{\"@type\":\"ReadAction\",\"target\":[\"https:\/\/stopdoc.de\/index.php\/en\/kontakt\/\"]}]},{\"@type\":\"BreadcrumbList\",\"@id\":\"https:\/\/stopdoc.de\/index.php\/en\/kontakt\/#breadcrumb\",\"itemListElement\":[{\"@type\":\"ListItem\",\"position\":1,\"name\":\"Startseite\",\"item\":\"https:\/\/stopdoc.de\/\"},{\"@type\":\"ListItem\",\"position\":2,\"name\":\"Contact\"}]},{\"@type\":\"WebSite\",\"@id\":\"https:\/\/stopdoc.de\/#website\",\"url\":\"https:\/\/stopdoc.de\/\",\"name\":\"Stopdoc - Fachvortr\u00e4ge im Bereich Fahrzeugtechnik, Kfz-Elektronik, Management und Personalf\u00fchrung\",\"description\":\"\",\"publisher\":{\"@id\":\"https:\/\/stopdoc.de\/#organization\"},\"potentialAction\":[{\"@type\":\"SearchAction\",\"target\":{\"@type\":\"EntryPoint\",\"urlTemplate\":\"https:\/\/stopdoc.de\/?s={search_term_string}\"},\"query-input\":{\"@type\":\"PropertyValueSpecification\",\"valueRequired\":true,\"valueName\":\"search_term_string\"}}],\"inLanguage\":\"de\"},{\"@type\":\"Organization\",\"@id\":\"https:\/\/stopdoc.de\/#organization\",\"name\":\"StopDoc Training GmbH\",\"url\":\"https:\/\/stopdoc.de\/\",\"logo\":{\"@type\":\"ImageObject\",\"inLanguage\":\"de\",\"@id\":\"https:\/\/stopdoc.de\/#\/schema\/logo\/image\/\",\"url\":\"https:\/\/stopdoc.de\/wp-content\/uploads\/2022\/07\/logo-small-web-schatten-v2.png\",\"contentUrl\":\"https:\/\/stopdoc.de\/wp-content\/uploads\/2022\/07\/logo-small-web-schatten-v2.png\",\"width\":336,\"height\":120,\"caption\":\"StopDoc Training GmbH\"},\"image\":{\"@id\":\"https:\/\/stopdoc.de\/#\/schema\/logo\/image\/\"}}]}<\/script>\n<!-- \/ Yoast SEO plugin. -->","yoast_head_json":{"title":"Contact - Stopdoc - Fachvortr\u00e4ge im Bereich Fahrzeugtechnik, Kfz-Elektronik, Management und Personalf\u00fchrung","robots":{"index":"index","follow":"follow","max-snippet":"max-snippet:-1","max-image-preview":"max-image-preview:large","max-video-preview":"max-video-preview:-1"},"canonical":"https:\/\/stopdoc.de\/index.php\/en\/kontakt\/","og_locale":"de_DE","og_type":"article","og_title":"Contact - Stopdoc - Fachvortr\u00e4ge im Bereich Fahrzeugtechnik, Kfz-Elektronik, Management und Personalf\u00fchrung","og_url":"https:\/\/stopdoc.de\/index.php\/en\/kontakt\/","og_site_name":"Stopdoc - Fachvortr\u00e4ge im Bereich Fahrzeugtechnik, Kfz-Elektronik, Management und Personalf\u00fchrung","article_modified_time":"2025-03-03T14:33:44+00:00","twitter_card":"summary_large_image","twitter_misc":{"Gesch\u00e4tzte Lesezeit":"10\u00a0Minuten"},"schema":{"@context":"https:\/\/schema.org","@graph":[{"@type":"WebPage","@id":"https:\/\/stopdoc.de\/index.php\/en\/kontakt\/","url":"https:\/\/stopdoc.de\/index.php\/en\/kontakt\/","name":"Contact - Stopdoc - Fachvortr\u00e4ge im Bereich Fahrzeugtechnik, Kfz-Elektronik, Management und Personalf\u00fchrung","isPartOf":{"@id":"https:\/\/stopdoc.de\/#website"},"datePublished":"2022-07-12T12:13:46+00:00","dateModified":"2025-03-03T14:33:44+00:00","breadcrumb":{"@id":"https:\/\/stopdoc.de\/index.php\/en\/kontakt\/#breadcrumb"},"inLanguage":"de","potentialAction":[{"@type":"ReadAction","target":["https:\/\/stopdoc.de\/index.php\/en\/kontakt\/"]}]},{"@type":"BreadcrumbList","@id":"https:\/\/stopdoc.de\/index.php\/en\/kontakt\/#breadcrumb","itemListElement":[{"@type":"ListItem","position":1,"name":"Startseite","item":"https:\/\/stopdoc.de\/"},{"@type":"ListItem","position":2,"name":"Contact"}]},{"@type":"WebSite","@id":"https:\/\/stopdoc.de\/#website","url":"https:\/\/stopdoc.de\/","name":"Stopdoc - Fachvortr\u00e4ge im Bereich Fahrzeugtechnik, Kfz-Elektronik, Management und Personalf\u00fchrung","description":"","publisher":{"@id":"https:\/\/stopdoc.de\/#organization"},"potentialAction":[{"@type":"SearchAction","target":{"@type":"EntryPoint","urlTemplate":"https:\/\/stopdoc.de\/?s={search_term_string}"},"query-input":{"@type":"PropertyValueSpecification","valueRequired":true,"valueName":"search_term_string"}}],"inLanguage":"de"},{"@type":"Organization","@id":"https:\/\/stopdoc.de\/#organization","name":"StopDoc Training GmbH","url":"https:\/\/stopdoc.de\/","logo":{"@type":"ImageObject","inLanguage":"de","@id":"https:\/\/stopdoc.de\/#\/schema\/logo\/image\/","url":"https:\/\/stopdoc.de\/wp-content\/uploads\/2022\/07\/logo-small-web-schatten-v2.png","contentUrl":"https:\/\/stopdoc.de\/wp-content\/uploads\/2022\/07\/logo-small-web-schatten-v2.png","width":336,"height":120,"caption":"StopDoc Training GmbH"},"image":{"@id":"https:\/\/stopdoc.de\/#\/schema\/logo\/image\/"}}]}},"_links":{"self":[{"href":"https:\/\/stopdoc.de\/index.php\/wp-json\/wp\/v2\/pages\/240","targetHints":{"allow":["GET"]}}],"collection":[{"href":"https:\/\/stopdoc.de\/index.php\/wp-json\/wp\/v2\/pages"}],"about":[{"href":"https:\/\/stopdoc.de\/index.php\/wp-json\/wp\/v2\/types\/page"}],"author":[{"embeddable":true,"href":"https:\/\/stopdoc.de\/index.php\/wp-json\/wp\/v2\/users\/1"}],"replies":[{"embeddable":true,"href":"https:\/\/stopdoc.de\/index.php\/wp-json\/wp\/v2\/comments?post=240"}],"version-history":[{"count":8,"href":"https:\/\/stopdoc.de\/index.php\/wp-json\/wp\/v2\/pages\/240\/revisions"}],"predecessor-version":[{"id":638,"href":"https:\/\/stopdoc.de\/index.php\/wp-json\/wp\/v2\/pages\/240\/revisions\/638"}],"wp:attachment":[{"href":"https:\/\/stopdoc.de\/index.php\/wp-json\/wp\/v2\/media?parent=240"}],"curies":[{"name":"wp","href":"https:\/\/api.w.org\/{rel}","templated":true}]}}