{"id":255,"date":"2022-07-12T14:25:36","date_gmt":"2022-07-12T12:25:36","guid":{"rendered":"https:\/\/new.stopdoc.de\/?page_id=255"},"modified":"2022-07-13T08:59:10","modified_gmt":"2022-07-13T06:59:10","slug":"imprint","status":"publish","type":"page","link":"https:\/\/stopdoc.de\/index.php\/en\/imprint\/","title":{"rendered":"imprint"},"content":{"rendered":"<div class='flex_column av-av_one_full-a961ec8c42a44a397321d1a2224da3ca av_one_full  avia-builder-el-0  avia-builder-el-no-sibling  first flex_column_div '     ><section  class='av_textblock_section av-l5j8rw1k-6af22fdb9262dc9ef134a510e472f48f'  itemscope=\"itemscope\" itemtype=\"https:\/\/schema.org\/CreativeWork\" ><div class='avia_textblock'  itemprop=\"text\" ><h1>Site Notice<\/h1>\n<h2>Information pursuant to Sect. 5 German Telemedia Act (TMG)<\/h2>\n<p>StopDoc Training GmbH<br \/>\nIm Band 6B<br \/>\n56743 Mendig<\/p>\n<p>Commercial Register: folgt<br \/>\nRegistration court: folgt<\/p>\n<p><strong>Represented by:<\/strong><br \/>\nDr. Ralf Leiter<\/p>\n<h2>Contact<\/h2>\n<p>Phone: +49 170 440 7609<br \/>\nE-mail: stopdoc@me.com<\/p>\n<h2>VAT ID<\/h2>\n<p>Sales tax identification number according to Sect. 27 a of the Sales Tax Law:<br \/>\nDE811899070<\/p>\n<h2>Person responsible for editorial<\/h2>\n<p>StopDoc Training GmbH<br \/>\n+49 170 440 7609, stopdoc@me.com<br \/>\nIm Band 6B, 56743 Mendig<\/p>\n<h2>EU dispute resolution<\/h2>\n<p>The European Commission provides a platform for online dispute resolution (ODR): <a href=\"https:\/\/ec.europa.eu\/consumers\/odr\/\" target=\"_blank\" rel=\"noopener noreferrer\">https:\/\/ec.europa.eu\/consumers\/odr\/<\/a>.<br \/>\nOur e-mail address can be found above in the site notice.<\/p>\n<h2>Dispute resolution proceedings in front of a consumer arbitration board<\/h2>\n<p>We are not willing or obliged to participate in dispute resolution proceedings in front of a consumer arbitration board.<\/p>\n<\/div><\/section><\/div>\n","protected":false},"excerpt":{"rendered":"","protected":false},"author":1,"featured_media":0,"parent":0,"menu_order":0,"comment_status":"closed","ping_status":"closed","template":"","meta":{"footnotes":""},"class_list":["post-255","page","type-page","status-publish","hentry"],"yoast_head":"<!-- This site is optimized with the Yoast SEO plugin v27.2 - https:\/\/yoast.com\/product\/yoast-seo-wordpress\/ -->\n<title>imprint - Stopdoc - Fachvortr\u00e4ge im Bereich Fahrzeugtechnik, Kfz-Elektronik, Management und Personalf\u00fchrung<\/title>\n<meta name=\"robots\" content=\"index, follow, max-snippet:-1, max-image-preview:large, max-video-preview:-1\" \/>\n<link rel=\"canonical\" href=\"https:\/\/stopdoc.de\/index.php\/en\/imprint\/\" \/>\n<meta property=\"og:locale\" content=\"de_DE\" \/>\n<meta property=\"og:type\" content=\"article\" \/>\n<meta property=\"og:title\" content=\"imprint - Stopdoc - Fachvortr\u00e4ge im Bereich Fahrzeugtechnik, Kfz-Elektronik, Management und Personalf\u00fchrung\" \/>\n<meta property=\"og:url\" content=\"https:\/\/stopdoc.de\/index.php\/en\/imprint\/\" \/>\n<meta property=\"og:site_name\" content=\"Stopdoc - Fachvortr\u00e4ge im Bereich Fahrzeugtechnik, Kfz-Elektronik, Management und Personalf\u00fchrung\" \/>\n<meta property=\"article:modified_time\" content=\"2022-07-13T06:59:10+00:00\" \/>\n<meta name=\"twitter:card\" content=\"summary_large_image\" \/>\n<meta name=\"twitter:label1\" content=\"Gesch\u00e4tzte Lesezeit\" \/>\n\t<meta name=\"twitter:data1\" content=\"3\u00a0Minuten\" \/>\n<script type=\"application\/ld+json\" class=\"yoast-schema-graph\">{\"@context\":\"https:\/\/schema.org\",\"@graph\":[{\"@type\":\"WebPage\",\"@id\":\"https:\/\/stopdoc.de\/index.php\/en\/imprint\/\",\"url\":\"https:\/\/stopdoc.de\/index.php\/en\/imprint\/\",\"name\":\"imprint - Stopdoc - Fachvortr\u00e4ge im Bereich Fahrzeugtechnik, Kfz-Elektronik, Management und Personalf\u00fchrung\",\"isPartOf\":{\"@id\":\"https:\/\/stopdoc.de\/#website\"},\"datePublished\":\"2022-07-12T12:25:36+00:00\",\"dateModified\":\"2022-07-13T06:59:10+00:00\",\"breadcrumb\":{\"@id\":\"https:\/\/stopdoc.de\/index.php\/en\/imprint\/#breadcrumb\"},\"inLanguage\":\"de\",\"potentialAction\":[{\"@type\":\"ReadAction\",\"target\":[\"https:\/\/stopdoc.de\/index.php\/en\/imprint\/\"]}]},{\"@type\":\"BreadcrumbList\",\"@id\":\"https:\/\/stopdoc.de\/index.php\/en\/imprint\/#breadcrumb\",\"itemListElement\":[{\"@type\":\"ListItem\",\"position\":1,\"name\":\"Startseite\",\"item\":\"https:\/\/stopdoc.de\/\"},{\"@type\":\"ListItem\",\"position\":2,\"name\":\"imprint\"}]},{\"@type\":\"WebSite\",\"@id\":\"https:\/\/stopdoc.de\/#website\",\"url\":\"https:\/\/stopdoc.de\/\",\"name\":\"Stopdoc - Fachvortr\u00e4ge im Bereich Fahrzeugtechnik, Kfz-Elektronik, Management und Personalf\u00fchrung\",\"description\":\"\",\"publisher\":{\"@id\":\"https:\/\/stopdoc.de\/#organization\"},\"potentialAction\":[{\"@type\":\"SearchAction\",\"target\":{\"@type\":\"EntryPoint\",\"urlTemplate\":\"https:\/\/stopdoc.de\/?s={search_term_string}\"},\"query-input\":{\"@type\":\"PropertyValueSpecification\",\"valueRequired\":true,\"valueName\":\"search_term_string\"}}],\"inLanguage\":\"de\"},{\"@type\":\"Organization\",\"@id\":\"https:\/\/stopdoc.de\/#organization\",\"name\":\"StopDoc Training GmbH\",\"url\":\"https:\/\/stopdoc.de\/\",\"logo\":{\"@type\":\"ImageObject\",\"inLanguage\":\"de\",\"@id\":\"https:\/\/stopdoc.de\/#\/schema\/logo\/image\/\",\"url\":\"https:\/\/stopdoc.de\/wp-content\/uploads\/2022\/07\/logo-small-web-schatten-v2.png\",\"contentUrl\":\"https:\/\/stopdoc.de\/wp-content\/uploads\/2022\/07\/logo-small-web-schatten-v2.png\",\"width\":336,\"height\":120,\"caption\":\"StopDoc Training GmbH\"},\"image\":{\"@id\":\"https:\/\/stopdoc.de\/#\/schema\/logo\/image\/\"}}]}<\/script>\n<!-- \/ Yoast SEO plugin. -->","yoast_head_json":{"title":"imprint - Stopdoc - Fachvortr\u00e4ge im Bereich Fahrzeugtechnik, Kfz-Elektronik, Management und Personalf\u00fchrung","robots":{"index":"index","follow":"follow","max-snippet":"max-snippet:-1","max-image-preview":"max-image-preview:large","max-video-preview":"max-video-preview:-1"},"canonical":"https:\/\/stopdoc.de\/index.php\/en\/imprint\/","og_locale":"de_DE","og_type":"article","og_title":"imprint - Stopdoc - Fachvortr\u00e4ge im Bereich Fahrzeugtechnik, Kfz-Elektronik, Management und Personalf\u00fchrung","og_url":"https:\/\/stopdoc.de\/index.php\/en\/imprint\/","og_site_name":"Stopdoc - Fachvortr\u00e4ge im Bereich Fahrzeugtechnik, Kfz-Elektronik, Management und Personalf\u00fchrung","article_modified_time":"2022-07-13T06:59:10+00:00","twitter_card":"summary_large_image","twitter_misc":{"Gesch\u00e4tzte Lesezeit":"3\u00a0Minuten"},"schema":{"@context":"https:\/\/schema.org","@graph":[{"@type":"WebPage","@id":"https:\/\/stopdoc.de\/index.php\/en\/imprint\/","url":"https:\/\/stopdoc.de\/index.php\/en\/imprint\/","name":"imprint - Stopdoc - Fachvortr\u00e4ge im Bereich Fahrzeugtechnik, Kfz-Elektronik, Management und Personalf\u00fchrung","isPartOf":{"@id":"https:\/\/stopdoc.de\/#website"},"datePublished":"2022-07-12T12:25:36+00:00","dateModified":"2022-07-13T06:59:10+00:00","breadcrumb":{"@id":"https:\/\/stopdoc.de\/index.php\/en\/imprint\/#breadcrumb"},"inLanguage":"de","potentialAction":[{"@type":"ReadAction","target":["https:\/\/stopdoc.de\/index.php\/en\/imprint\/"]}]},{"@type":"BreadcrumbList","@id":"https:\/\/stopdoc.de\/index.php\/en\/imprint\/#breadcrumb","itemListElement":[{"@type":"ListItem","position":1,"name":"Startseite","item":"https:\/\/stopdoc.de\/"},{"@type":"ListItem","position":2,"name":"imprint"}]},{"@type":"WebSite","@id":"https:\/\/stopdoc.de\/#website","url":"https:\/\/stopdoc.de\/","name":"Stopdoc - Fachvortr\u00e4ge im Bereich Fahrzeugtechnik, Kfz-Elektronik, Management und Personalf\u00fchrung","description":"","publisher":{"@id":"https:\/\/stopdoc.de\/#organization"},"potentialAction":[{"@type":"SearchAction","target":{"@type":"EntryPoint","urlTemplate":"https:\/\/stopdoc.de\/?s={search_term_string}"},"query-input":{"@type":"PropertyValueSpecification","valueRequired":true,"valueName":"search_term_string"}}],"inLanguage":"de"},{"@type":"Organization","@id":"https:\/\/stopdoc.de\/#organization","name":"StopDoc Training GmbH","url":"https:\/\/stopdoc.de\/","logo":{"@type":"ImageObject","inLanguage":"de","@id":"https:\/\/stopdoc.de\/#\/schema\/logo\/image\/","url":"https:\/\/stopdoc.de\/wp-content\/uploads\/2022\/07\/logo-small-web-schatten-v2.png","contentUrl":"https:\/\/stopdoc.de\/wp-content\/uploads\/2022\/07\/logo-small-web-schatten-v2.png","width":336,"height":120,"caption":"StopDoc Training GmbH"},"image":{"@id":"https:\/\/stopdoc.de\/#\/schema\/logo\/image\/"}}]}},"_links":{"self":[{"href":"https:\/\/stopdoc.de\/index.php\/wp-json\/wp\/v2\/pages\/255","targetHints":{"allow":["GET"]}}],"collection":[{"href":"https:\/\/stopdoc.de\/index.php\/wp-json\/wp\/v2\/pages"}],"about":[{"href":"https:\/\/stopdoc.de\/index.php\/wp-json\/wp\/v2\/types\/page"}],"author":[{"embeddable":true,"href":"https:\/\/stopdoc.de\/index.php\/wp-json\/wp\/v2\/users\/1"}],"replies":[{"embeddable":true,"href":"https:\/\/stopdoc.de\/index.php\/wp-json\/wp\/v2\/comments?post=255"}],"version-history":[{"count":2,"href":"https:\/\/stopdoc.de\/index.php\/wp-json\/wp\/v2\/pages\/255\/revisions"}],"predecessor-version":[{"id":275,"href":"https:\/\/stopdoc.de\/index.php\/wp-json\/wp\/v2\/pages\/255\/revisions\/275"}],"wp:attachment":[{"href":"https:\/\/stopdoc.de\/index.php\/wp-json\/wp\/v2\/media?parent=255"}],"curies":[{"name":"wp","href":"https:\/\/api.w.org\/{rel}","templated":true}]}}