{"id":435,"date":"2022-08-10T11:56:27","date_gmt":"2022-08-10T09:56:27","guid":{"rendered":"https:\/\/new.stopdoc.de\/?page_id=435"},"modified":"2023-07-21T08:52:37","modified_gmt":"2023-07-21T06:52:37","slug":"autonomes-fahren","status":"publish","type":"page","link":"https:\/\/stopdoc.de\/index.php\/angebote-2\/autonomes-fahren\/","title":{"rendered":"autonomes Fahren"},"content":{"rendered":"<div id='layer_slider_1'  class='avia-layerslider main_color avia-shadow  avia-builder-el-0  el_before_av_one_full  avia-builder-el-first  container_wrap fullsize'  style='height: 11px;'  ><\/div><div id='after_layer_slider_1'  class='main_color av_default_container_wrap container_wrap fullsize'  ><div class='container av-section-cont-open' ><div class='template-page content  av-content-full alpha units'><div class='post-entry post-entry-type-page post-entry-435'><div class='entry-content-wrapper clearfix'>\n<div class='flex_column av-1m4tdv-e43ea60df8fe039463d03b895a1cf178 av_one_full  avia-builder-el-1  el_after_av_layerslider  el_before_av_section  avia-builder-el-no-sibling  first flex_column_div '     ><style type=\"text\/css\" data-created_by=\"avia_inline_auto\" id=\"style-css-av-l6nfff6e-ce2484b6abbbf02b7a5e94053d5eb066\">\n#top .av-special-heading.av-l6nfff6e-ce2484b6abbbf02b7a5e94053d5eb066{\npadding-bottom:10px;\n}\nbody .av-special-heading.av-l6nfff6e-ce2484b6abbbf02b7a5e94053d5eb066 .av-special-heading-tag .heading-char{\nfont-size:25px;\n}\n.av-special-heading.av-l6nfff6e-ce2484b6abbbf02b7a5e94053d5eb066 .av-subheading{\nfont-size:15px;\n}\n<\/style>\n<div  class='av-special-heading av-l6nfff6e-ce2484b6abbbf02b7a5e94053d5eb066 av-special-heading-h1 blockquote modern-quote modern-centered  avia-builder-el-2  avia-builder-el-no-sibling '><h1 class='av-special-heading-tag'  itemprop=\"headline\"  >Autonomes Fahren<\/h1><div class=\"special-heading-border\"><div class=\"special-heading-inner-border\"><\/div><\/div><\/div><\/div>\n<\/div><\/div><\/div><!-- close content main div --><\/div><\/div>\n<style type=\"text\/css\" data-created_by=\"avia_inline_auto\" id=\"style-css-av-4xewr-f89540abf51940f92791f858aa586d9f\">\n.avia-section.av-4xewr-f89540abf51940f92791f858aa586d9f{\nbackground-color:#fcfcfc;\nbackground-image:unset;\n}\n<\/style>\n<div id='av_section_1'  class='avia-section av-4xewr-f89540abf51940f92791f858aa586d9f main_color avia-section-default avia-no-border-styling  avia-builder-el-3  el_after_av_one_full  el_before_av_section  avia-bg-style-scroll container_wrap fullsize'  ><div class='container av-section-cont-open' ><div class='template-page content  av-content-full alpha units'><div class='post-entry post-entry-type-page post-entry-435'><div class='entry-content-wrapper clearfix'>\n<div class='flex_column av-4h617-7814c0408bef1e9a2b7ecf0d7b7ed7bf av_one_half  avia-builder-el-4  el_before_av_one_half  avia-builder-el-first  first flex_column_div '     ><style type=\"text\/css\" data-created_by=\"avia_inline_auto\" id=\"style-css-av-l6nfgf11-6a16fe65b40b07d711c5d86be1adc3ac\">\n.avia-image-container.av-l6nfgf11-6a16fe65b40b07d711c5d86be1adc3ac img.avia_image{\nbox-shadow:none;\n}\n.avia-image-container.av-l6nfgf11-6a16fe65b40b07d711c5d86be1adc3ac .av-image-caption-overlay-center{\ncolor:#ffffff;\n}\n<\/style>\n<div  class='avia-image-container av-l6nfgf11-6a16fe65b40b07d711c5d86be1adc3ac av-styling- avia-align-center  avia-builder-el-5  avia-builder-el-no-sibling '   itemprop=\"image\" itemscope=\"itemscope\" itemtype=\"https:\/\/schema.org\/ImageObject\" ><div class=\"avia-image-container-inner\"><div class=\"avia-image-overlay-wrap\"><img decoding=\"async\" class='wp-image-285 avia-img-lazy-loading-not-285 avia_image ' src=\"https:\/\/stopdoc.de\/wp-content\/uploads\/2022\/07\/aufmacher-autonomesfahren.jpg\" alt='' title='aufmacher-autonomesfahren'  height=\"534\" width=\"800\"  itemprop=\"thumbnailUrl\" srcset=\"https:\/\/stopdoc.de\/wp-content\/uploads\/2022\/07\/aufmacher-autonomesfahren.jpg 800w, https:\/\/stopdoc.de\/wp-content\/uploads\/2022\/07\/aufmacher-autonomesfahren-300x200.jpg 300w, https:\/\/stopdoc.de\/wp-content\/uploads\/2022\/07\/aufmacher-autonomesfahren-768x513.jpg 768w, https:\/\/stopdoc.de\/wp-content\/uploads\/2022\/07\/aufmacher-autonomesfahren-705x471.jpg 705w\" sizes=\"(max-width: 800px) 100vw, 800px\" \/><\/div><\/div><\/div><\/div><div class='flex_column av-12dsxn-fd3d8dd390f68ec3d62bdafb91d7bd6e av_one_half  avia-builder-el-6  el_after_av_one_half  avia-builder-el-last  flex_column_div '     ><section  class='av_textblock_section av-l6nfg4ck-57a42aa4accd66cd407a6dace2fe510a'  itemscope=\"itemscope\" itemtype=\"https:\/\/schema.org\/CreativeWork\" ><div class='avia_textblock'  itemprop=\"text\" ><p><span style=\"color: #000000;\">Autonomes Fahren dient der Verbesserung der Verkehrssicherheit sowie der Reduzierung der Belastung von Mensch und Umwelt.<\/span><\/p>\n<p><span style=\"color: #000000;\">In dieser Schulung n\u00e4hern wir uns dem Thema Autonomes Fahren zuerst mit der Kundenakzeptanz und -wahrnehmung. Danach besprechen wir die technischen Grundlagen und die Physik der einzelnen Systeme am Beispiel einzelner Fahrzeuge. Nat\u00fcrlich kommt das Thema Software und IT-Sicherheit und deren hoher Stellenwert zur Sprache. Zum Schluss folgt der aktuelle Entwicklungsstand, die noch die zu nehmenden H\u00fcrden und die Zukunftsaussichten des Autonomen Fahrens.<\/span><\/p>\n<\/div><\/section><\/div>\n\n<\/div><\/div><\/div><!-- close content main div --><\/div><\/div><div id='av_section_2'  class='avia-section av-wfntv-6c683278907b22c3c300b074e80745a9 main_color avia-section-default avia-no-border-styling  avia-builder-el-8  el_after_av_section  el_before_av_section  av-desktop-hide av-medium-hide av-small-hide av-mini-hide avia-bg-style-scroll container_wrap fullsize'  ><div class='container av-section-cont-open' ><div class='template-page content  av-content-full alpha units'><div class='post-entry post-entry-type-page post-entry-435'><div class='entry-content-wrapper clearfix'>\n\n<style type=\"text\/css\" data-created_by=\"avia_inline_auto\" id=\"style-css-av-t8tkj-300637153b3a51fc8c4e61393411864f\">\n#top .av-special-heading.av-t8tkj-300637153b3a51fc8c4e61393411864f{\npadding-bottom:10px;\n}\nbody .av-special-heading.av-t8tkj-300637153b3a51fc8c4e61393411864f .av-special-heading-tag .heading-char{\nfont-size:25px;\n}\n.av-special-heading.av-t8tkj-300637153b3a51fc8c4e61393411864f .av-subheading{\nfont-size:15px;\n}\n<\/style>\n<div  class='av-special-heading av-t8tkj-300637153b3a51fc8c4e61393411864f av-special-heading-h2 blockquote modern-quote modern-centered  avia-builder-el-9  el_before_av_textblock  avia-builder-el-first '><h2 class='av-special-heading-tag'  itemprop=\"headline\"  >Inhalt &#8211; Ablauf der Schulung<\/h2><div class=\"special-heading-border\"><div class=\"special-heading-inner-border\"><\/div><\/div><\/div>\n<section  class='av_textblock_section av-kwpk3-dc559a35db58cdd9e6af7a2ee47ca6a6'  itemscope=\"itemscope\" itemtype=\"https:\/\/schema.org\/CreativeWork\" ><div class='avia_textblock'  itemprop=\"text\" ><p><strong>Einleitung<\/strong><\/p>\n<ul>\n<li>01 Begr\u00fc\u00dfung, Referenten<\/li>\n<li>02 Pausenunterhaltung<\/li>\n<li>03 Witzige Pr\u00e4sentationen<\/li>\n<\/ul>\n<\/div><\/section>\n\n<\/div><\/div><\/div><!-- close content main div --><\/div><\/div>\n<style type=\"text\/css\" data-created_by=\"avia_inline_auto\" id=\"style-css-av-ei1jn-a40608b70a0422230519f26f044782f9\">\n.avia-section.av-ei1jn-a40608b70a0422230519f26f044782f9{\nmargin-top:40px;\nmargin-bottom:50px;\n}\n<\/style>\n<div id='av_section_3'  class='avia-section av-ei1jn-a40608b70a0422230519f26f044782f9 main_color avia-section-small avia-no-border-styling  avia-builder-el-11  el_after_av_section  avia-builder-el-last  avia-bg-style-scroll container_wrap fullsize'  ><div class='container av-section-cont-open' ><div class='template-page content  av-content-full alpha units'><div class='post-entry post-entry-type-page post-entry-435'><div class='entry-content-wrapper clearfix'>\n\n<style type=\"text\/css\" data-created_by=\"avia_inline_auto\" id=\"style-css-av-11lqb-bdad3b538b4ff1fc138b31de1a7b7da2\">\n.av_promobox.av-11lqb-bdad3b538b4ff1fc138b31de1a7b7da2{\ncolor:#ffffff;\nbackground:#e8e8e8;\nborder-color:#ffffff;\n}\n<\/style>\n<div  class='av_promobox av-11lqb-bdad3b538b4ff1fc138b31de1a7b7da2 avia-button-yes  avia-builder-el-12  avia-builder-el-no-sibling '><div class='avia-promocontent'><p><strong>Suchen Sie nach Schulungen f\u00fcr andere Spezialthemen in der Fahrzeugtechnik, sprechen Sei uns ruhig an.<br \/>\nWir werden eine L\u00f6sung finden.<\/strong><\/p>\n<\/div><div  class='avia-button-wrap av-11lqb-1bee0d614574f7aa63234bb4319b66bb-wrap avia-button-right ' >\n<style type=\"text\/css\" data-created_by=\"avia_inline_auto\" id=\"style-css-av-11lqb-1bee0d614574f7aa63234bb4319b66bb\">\n#top #wrap_all .avia-button.av-11lqb-1bee0d614574f7aa63234bb4319b66bb{\nbackground-color:#b02b2c;\nborder-color:#b02b2c;\ncolor:#ffffff;\n-webkit-transition:all 0.4s ease-in-out;\n-moz-transition:all 0.4s ease-in-out;\n-ms-transition:all 0.4s ease-in-out;\n-o-transition:all 0.4s ease-in-out;\ntransition:all 0.4s ease-in-out;\n}\n<\/style>\n<a href='https:\/\/stopdoc.de\/index.php\/kontakt-2\/'  class='avia-button av-11lqb-1bee0d614574f7aa63234bb4319b66bb avia-icon_select-no avia-size-large avia-position-right' ><span class='avia_iconbox_title' >zum Kontaktformular<\/span><\/a><\/div><\/div>\n\n","protected":false},"excerpt":{"rendered":"","protected":false},"author":1,"featured_media":0,"parent":234,"menu_order":0,"comment_status":"closed","ping_status":"closed","template":"","meta":{"footnotes":""},"class_list":["post-435","page","type-page","status-publish","hentry"],"yoast_head":"<!-- This site is optimized with the Yoast SEO plugin v27.2 - https:\/\/yoast.com\/product\/yoast-seo-wordpress\/ -->\n<title>autonomes Fahren - Stopdoc - Fachvortr\u00e4ge im Bereich Fahrzeugtechnik, Kfz-Elektronik, Management und Personalf\u00fchrung<\/title>\n<meta name=\"robots\" content=\"index, follow, max-snippet:-1, max-image-preview:large, max-video-preview:-1\" \/>\n<link rel=\"canonical\" href=\"https:\/\/stopdoc.de\/index.php\/angebote-2\/autonomes-fahren\/\" \/>\n<meta property=\"og:locale\" content=\"de_DE\" \/>\n<meta property=\"og:type\" content=\"article\" \/>\n<meta property=\"og:title\" content=\"autonomes Fahren - Stopdoc - Fachvortr\u00e4ge im Bereich Fahrzeugtechnik, Kfz-Elektronik, Management und Personalf\u00fchrung\" \/>\n<meta property=\"og:url\" content=\"https:\/\/stopdoc.de\/index.php\/angebote-2\/autonomes-fahren\/\" \/>\n<meta property=\"og:site_name\" content=\"Stopdoc - Fachvortr\u00e4ge im Bereich Fahrzeugtechnik, Kfz-Elektronik, Management und Personalf\u00fchrung\" \/>\n<meta property=\"article:modified_time\" content=\"2023-07-21T06:52:37+00:00\" \/>\n<meta name=\"twitter:card\" content=\"summary_large_image\" \/>\n<meta name=\"twitter:label1\" content=\"Gesch\u00e4tzte Lesezeit\" \/>\n\t<meta name=\"twitter:data1\" content=\"13\u00a0Minuten\" \/>\n<script type=\"application\/ld+json\" class=\"yoast-schema-graph\">{\"@context\":\"https:\/\/schema.org\",\"@graph\":[{\"@type\":\"WebPage\",\"@id\":\"https:\/\/stopdoc.de\/index.php\/angebote-2\/autonomes-fahren\/\",\"url\":\"https:\/\/stopdoc.de\/index.php\/angebote-2\/autonomes-fahren\/\",\"name\":\"autonomes Fahren - Stopdoc - Fachvortr\u00e4ge im Bereich Fahrzeugtechnik, Kfz-Elektronik, Management und Personalf\u00fchrung\",\"isPartOf\":{\"@id\":\"https:\/\/stopdoc.de\/#website\"},\"datePublished\":\"2022-08-10T09:56:27+00:00\",\"dateModified\":\"2023-07-21T06:52:37+00:00\",\"breadcrumb\":{\"@id\":\"https:\/\/stopdoc.de\/index.php\/angebote-2\/autonomes-fahren\/#breadcrumb\"},\"inLanguage\":\"de\",\"potentialAction\":[{\"@type\":\"ReadAction\",\"target\":[\"https:\/\/stopdoc.de\/index.php\/angebote-2\/autonomes-fahren\/\"]}]},{\"@type\":\"BreadcrumbList\",\"@id\":\"https:\/\/stopdoc.de\/index.php\/angebote-2\/autonomes-fahren\/#breadcrumb\",\"itemListElement\":[{\"@type\":\"ListItem\",\"position\":1,\"name\":\"Startseite\",\"item\":\"https:\/\/stopdoc.de\/\"},{\"@type\":\"ListItem\",\"position\":2,\"name\":\"Angebote\",\"item\":\"https:\/\/stopdoc.de\/index.php\/angebote-2\/\"},{\"@type\":\"ListItem\",\"position\":3,\"name\":\"autonomes Fahren\"}]},{\"@type\":\"WebSite\",\"@id\":\"https:\/\/stopdoc.de\/#website\",\"url\":\"https:\/\/stopdoc.de\/\",\"name\":\"Stopdoc - Fachvortr\u00e4ge im Bereich Fahrzeugtechnik, Kfz-Elektronik, Management und Personalf\u00fchrung\",\"description\":\"\",\"publisher\":{\"@id\":\"https:\/\/stopdoc.de\/#organization\"},\"potentialAction\":[{\"@type\":\"SearchAction\",\"target\":{\"@type\":\"EntryPoint\",\"urlTemplate\":\"https:\/\/stopdoc.de\/?s={search_term_string}\"},\"query-input\":{\"@type\":\"PropertyValueSpecification\",\"valueRequired\":true,\"valueName\":\"search_term_string\"}}],\"inLanguage\":\"de\"},{\"@type\":\"Organization\",\"@id\":\"https:\/\/stopdoc.de\/#organization\",\"name\":\"StopDoc Training GmbH\",\"url\":\"https:\/\/stopdoc.de\/\",\"logo\":{\"@type\":\"ImageObject\",\"inLanguage\":\"de\",\"@id\":\"https:\/\/stopdoc.de\/#\/schema\/logo\/image\/\",\"url\":\"https:\/\/stopdoc.de\/wp-content\/uploads\/2022\/07\/logo-small-web-schatten-v2.png\",\"contentUrl\":\"https:\/\/stopdoc.de\/wp-content\/uploads\/2022\/07\/logo-small-web-schatten-v2.png\",\"width\":336,\"height\":120,\"caption\":\"StopDoc Training GmbH\"},\"image\":{\"@id\":\"https:\/\/stopdoc.de\/#\/schema\/logo\/image\/\"}}]}<\/script>\n<!-- \/ Yoast SEO plugin. -->","yoast_head_json":{"title":"autonomes Fahren - Stopdoc - Fachvortr\u00e4ge im Bereich Fahrzeugtechnik, Kfz-Elektronik, Management und Personalf\u00fchrung","robots":{"index":"index","follow":"follow","max-snippet":"max-snippet:-1","max-image-preview":"max-image-preview:large","max-video-preview":"max-video-preview:-1"},"canonical":"https:\/\/stopdoc.de\/index.php\/angebote-2\/autonomes-fahren\/","og_locale":"de_DE","og_type":"article","og_title":"autonomes Fahren - Stopdoc - Fachvortr\u00e4ge im Bereich Fahrzeugtechnik, Kfz-Elektronik, Management und Personalf\u00fchrung","og_url":"https:\/\/stopdoc.de\/index.php\/angebote-2\/autonomes-fahren\/","og_site_name":"Stopdoc - Fachvortr\u00e4ge im Bereich Fahrzeugtechnik, Kfz-Elektronik, Management und Personalf\u00fchrung","article_modified_time":"2023-07-21T06:52:37+00:00","twitter_card":"summary_large_image","twitter_misc":{"Gesch\u00e4tzte Lesezeit":"13\u00a0Minuten"},"schema":{"@context":"https:\/\/schema.org","@graph":[{"@type":"WebPage","@id":"https:\/\/stopdoc.de\/index.php\/angebote-2\/autonomes-fahren\/","url":"https:\/\/stopdoc.de\/index.php\/angebote-2\/autonomes-fahren\/","name":"autonomes Fahren - Stopdoc - Fachvortr\u00e4ge im Bereich Fahrzeugtechnik, Kfz-Elektronik, Management und Personalf\u00fchrung","isPartOf":{"@id":"https:\/\/stopdoc.de\/#website"},"datePublished":"2022-08-10T09:56:27+00:00","dateModified":"2023-07-21T06:52:37+00:00","breadcrumb":{"@id":"https:\/\/stopdoc.de\/index.php\/angebote-2\/autonomes-fahren\/#breadcrumb"},"inLanguage":"de","potentialAction":[{"@type":"ReadAction","target":["https:\/\/stopdoc.de\/index.php\/angebote-2\/autonomes-fahren\/"]}]},{"@type":"BreadcrumbList","@id":"https:\/\/stopdoc.de\/index.php\/angebote-2\/autonomes-fahren\/#breadcrumb","itemListElement":[{"@type":"ListItem","position":1,"name":"Startseite","item":"https:\/\/stopdoc.de\/"},{"@type":"ListItem","position":2,"name":"Angebote","item":"https:\/\/stopdoc.de\/index.php\/angebote-2\/"},{"@type":"ListItem","position":3,"name":"autonomes Fahren"}]},{"@type":"WebSite","@id":"https:\/\/stopdoc.de\/#website","url":"https:\/\/stopdoc.de\/","name":"Stopdoc - Fachvortr\u00e4ge im Bereich Fahrzeugtechnik, Kfz-Elektronik, Management und Personalf\u00fchrung","description":"","publisher":{"@id":"https:\/\/stopdoc.de\/#organization"},"potentialAction":[{"@type":"SearchAction","target":{"@type":"EntryPoint","urlTemplate":"https:\/\/stopdoc.de\/?s={search_term_string}"},"query-input":{"@type":"PropertyValueSpecification","valueRequired":true,"valueName":"search_term_string"}}],"inLanguage":"de"},{"@type":"Organization","@id":"https:\/\/stopdoc.de\/#organization","name":"StopDoc Training GmbH","url":"https:\/\/stopdoc.de\/","logo":{"@type":"ImageObject","inLanguage":"de","@id":"https:\/\/stopdoc.de\/#\/schema\/logo\/image\/","url":"https:\/\/stopdoc.de\/wp-content\/uploads\/2022\/07\/logo-small-web-schatten-v2.png","contentUrl":"https:\/\/stopdoc.de\/wp-content\/uploads\/2022\/07\/logo-small-web-schatten-v2.png","width":336,"height":120,"caption":"StopDoc Training GmbH"},"image":{"@id":"https:\/\/stopdoc.de\/#\/schema\/logo\/image\/"}}]}},"_links":{"self":[{"href":"https:\/\/stopdoc.de\/index.php\/wp-json\/wp\/v2\/pages\/435","targetHints":{"allow":["GET"]}}],"collection":[{"href":"https:\/\/stopdoc.de\/index.php\/wp-json\/wp\/v2\/pages"}],"about":[{"href":"https:\/\/stopdoc.de\/index.php\/wp-json\/wp\/v2\/types\/page"}],"author":[{"embeddable":true,"href":"https:\/\/stopdoc.de\/index.php\/wp-json\/wp\/v2\/users\/1"}],"replies":[{"embeddable":true,"href":"https:\/\/stopdoc.de\/index.php\/wp-json\/wp\/v2\/comments?post=435"}],"version-history":[{"count":7,"href":"https:\/\/stopdoc.de\/index.php\/wp-json\/wp\/v2\/pages\/435\/revisions"}],"predecessor-version":[{"id":570,"href":"https:\/\/stopdoc.de\/index.php\/wp-json\/wp\/v2\/pages\/435\/revisions\/570"}],"up":[{"embeddable":true,"href":"https:\/\/stopdoc.de\/index.php\/wp-json\/wp\/v2\/pages\/234"}],"wp:attachment":[{"href":"https:\/\/stopdoc.de\/index.php\/wp-json\/wp\/v2\/media?parent=435"}],"curies":[{"name":"wp","href":"https:\/\/api.w.org\/{rel}","templated":true}]}}