{"id":443,"date":"2022-08-10T12:16:44","date_gmt":"2022-08-10T10:16:44","guid":{"rendered":"https:\/\/new.stopdoc.de\/?page_id=443"},"modified":"2023-07-21T08:53:59","modified_gmt":"2023-07-21T06:53:59","slug":"innovationen-im-bereich-verbrennungsmotor","status":"publish","type":"page","link":"https:\/\/stopdoc.de\/index.php\/angebote-2\/innovationen-im-bereich-verbrennungsmotor\/","title":{"rendered":"Innovationen im Bereich Verbrennungsmotor"},"content":{"rendered":"<div id='layer_slider_1'  class='avia-layerslider main_color avia-shadow  avia-builder-el-0  el_before_av_one_full  avia-builder-el-first  container_wrap fullsize'  style='height: 11px;'  ><\/div><div id='after_layer_slider_1'  class='main_color av_default_container_wrap container_wrap fullsize'  ><div class='container av-section-cont-open' ><div class='template-page content  av-content-full alpha units'><div class='post-entry post-entry-type-page post-entry-443'><div class='entry-content-wrapper clearfix'>\n<div class='flex_column av-1r8jl7-36b57b06b3e6cb279ca7ec0534a50f74 av_one_full  avia-builder-el-1  el_after_av_layerslider  el_before_av_section  avia-builder-el-no-sibling  first flex_column_div '     ><style type=\"text\/css\" data-created_by=\"avia_inline_auto\" id=\"style-css-av-l6ng3rrr-9d8ad7604b4ca67c7f067fe1e194e8f1\">\n#top .av-special-heading.av-l6ng3rrr-9d8ad7604b4ca67c7f067fe1e194e8f1{\npadding-bottom:10px;\n}\nbody .av-special-heading.av-l6ng3rrr-9d8ad7604b4ca67c7f067fe1e194e8f1 .av-special-heading-tag .heading-char{\nfont-size:25px;\n}\n.av-special-heading.av-l6ng3rrr-9d8ad7604b4ca67c7f067fe1e194e8f1 .av-subheading{\nfont-size:15px;\n}\n<\/style>\n<div  class='av-special-heading av-l6ng3rrr-9d8ad7604b4ca67c7f067fe1e194e8f1 av-special-heading-h1 blockquote modern-quote modern-centered  avia-builder-el-2  avia-builder-el-no-sibling '><h1 class='av-special-heading-tag'  itemprop=\"headline\"  >Innovationen<\/h1><div class='av-subheading av-subheading_below'><p>im Bereich Verbrennungsmotor, Wasserstoffantrieb, Fahrwerk und Licht<\/p>\n<\/div><div class=\"special-heading-border\"><div class=\"special-heading-inner-border\"><\/div><\/div><\/div><\/div>\n<\/div><\/div><\/div><!-- close content main div --><\/div><\/div>\n<style type=\"text\/css\" data-created_by=\"avia_inline_auto\" id=\"style-css-av-1ilp03-3d3e562da8e151c53c3bb1f8a9fc676e\">\n.avia-section.av-1ilp03-3d3e562da8e151c53c3bb1f8a9fc676e{\nbackground-color:#fcfcfc;\nbackground-image:unset;\n}\n<\/style>\n<div id='av_section_1'  class='avia-section av-1ilp03-3d3e562da8e151c53c3bb1f8a9fc676e main_color avia-section-default avia-no-border-styling  avia-builder-el-3  el_after_av_one_full  el_before_av_section  avia-bg-style-scroll container_wrap fullsize'  ><div class='container av-section-cont-open' ><div class='template-page content  av-content-full alpha units'><div class='post-entry post-entry-type-page post-entry-443'><div class='entry-content-wrapper clearfix'>\n<div class='flex_column av-1djrmb-fdf80b775422bb708be0f64b98bf921e av_one_half  avia-builder-el-4  el_before_av_one_half  avia-builder-el-first  first flex_column_div '     ><style type=\"text\/css\" data-created_by=\"avia_inline_auto\" id=\"style-css-av-4qpej-4d2d8a34051ef91c0ef57b7090436567\">\n.avia-image-container.av-4qpej-4d2d8a34051ef91c0ef57b7090436567 img.avia_image{\nbox-shadow:none;\n}\n.avia-image-container.av-4qpej-4d2d8a34051ef91c0ef57b7090436567 .av-image-caption-overlay-center{\ncolor:#ffffff;\n}\n<\/style>\n<div  class='avia-image-container av-4qpej-4d2d8a34051ef91c0ef57b7090436567 av-styling- avia-align-center  avia-builder-el-5  avia-builder-el-no-sibling '   itemprop=\"image\" itemscope=\"itemscope\" itemtype=\"https:\/\/schema.org\/ImageObject\" ><div class=\"avia-image-container-inner\"><div class=\"avia-image-overlay-wrap\"><img decoding=\"async\" class='wp-image-455 avia-img-lazy-loading-not-455 avia_image ' src=\"https:\/\/stopdoc.de\/wp-content\/uploads\/2022\/08\/verbrennungsmotor.png\" alt='motro auto' title='verbrennungsmotor'  height=\"534\" width=\"800\"  itemprop=\"thumbnailUrl\" srcset=\"https:\/\/stopdoc.de\/wp-content\/uploads\/2022\/08\/verbrennungsmotor.png 800w, https:\/\/stopdoc.de\/wp-content\/uploads\/2022\/08\/verbrennungsmotor-300x200.png 300w, https:\/\/stopdoc.de\/wp-content\/uploads\/2022\/08\/verbrennungsmotor-768x513.png 768w, https:\/\/stopdoc.de\/wp-content\/uploads\/2022\/08\/verbrennungsmotor-705x471.png 705w\" sizes=\"(max-width: 800px) 100vw, 800px\" \/><\/div><\/div><\/div><\/div><div class='flex_column av-13eeub-a11e065c678c86219c25fba0adf481c4 av_one_half  avia-builder-el-6  el_after_av_one_half  avia-builder-el-last  flex_column_div '     ><section  class='av_textblock_section av-l6ng4esw-610f372d99c0b30c5977f178ddd39486'  itemscope=\"itemscope\" itemtype=\"https:\/\/schema.org\/CreativeWork\" ><div class='avia_textblock'  itemprop=\"text\" ><p><span style=\"color: #000000;\">In der \u201eklassischen\u201c Fahrzeugtechnik findet auch weiterhin eine stetige Entwicklung und Verbesserung existierender Systeme statt. Auch diese werden uns noch einige Jahrzehnte begleiten und sollten somit nicht unter den Tisch fallen.<\/span><\/p>\n<p><span style=\"color: #000000;\">Die Schulung soll den Teilnehmern den aktuellen Entwicklungsstand bei den konventionellen Antrieben, der Anwendung von E-Fuels, dem Wasserstoffantrieb (Verbrennungsmotor und Brennstoffzelle), dem Fahrwerk sowie der Lichttechnik aufzeigen. Wir schauen uns bspw. Motortechnologien f\u00fcr aktuelle und zuk\u00fcnftige Abgasnormen, vorausschauende Fahrwerke sowie OLEDs und Laserlicht an. Zus\u00e4tzlich wird die Umsetzbarkeit und die Zukunftsaussichten der jeweiligen Systeme erl\u00e4utert.<\/span><\/p>\n<\/div><\/section><\/div>\n\n<\/div><\/div><\/div><!-- close content main div --><\/div><\/div><div id='av_section_2'  class='avia-section av-x7i5f-4973f6c59eb437247d0506529f399f6f main_color avia-section-default avia-no-border-styling  avia-builder-el-8  el_after_av_section  el_before_av_section  av-desktop-hide av-medium-hide av-small-hide av-mini-hide avia-bg-style-scroll container_wrap fullsize'  ><div class='container av-section-cont-open' ><div class='template-page content  av-content-full alpha units'><div class='post-entry post-entry-type-page post-entry-443'><div class='entry-content-wrapper clearfix'>\n\n<style type=\"text\/css\" data-created_by=\"avia_inline_auto\" id=\"style-css-av-2r3gz-e55a8b3360a6bff23b5f167aa7cfa81f\">\n#top .av-special-heading.av-2r3gz-e55a8b3360a6bff23b5f167aa7cfa81f{\npadding-bottom:10px;\n}\nbody .av-special-heading.av-2r3gz-e55a8b3360a6bff23b5f167aa7cfa81f .av-special-heading-tag .heading-char{\nfont-size:25px;\n}\n.av-special-heading.av-2r3gz-e55a8b3360a6bff23b5f167aa7cfa81f .av-subheading{\nfont-size:15px;\n}\n<\/style>\n<div  class='av-special-heading av-2r3gz-e55a8b3360a6bff23b5f167aa7cfa81f av-special-heading-h2 blockquote modern-quote modern-centered  avia-builder-el-9  el_before_av_textblock  avia-builder-el-first '><h2 class='av-special-heading-tag'  itemprop=\"headline\"  >Inhalt &#8211; Ablauf der Schulung<\/h2><div class=\"special-heading-border\"><div class=\"special-heading-inner-border\"><\/div><\/div><\/div>\n<section  class='av_textblock_section av-jefuz-4bf509d749ac0ffa8aa769d7c09ef3da'  itemscope=\"itemscope\" itemtype=\"https:\/\/schema.org\/CreativeWork\" ><div class='avia_textblock'  itemprop=\"text\" ><p><strong>Einleitung<\/strong><\/p>\n<ul>\n<li>01 Begr\u00fc\u00dfung, Referenten<\/li>\n<li>02 Pausenunterhaltung<\/li>\n<li>03 Witzige Pr\u00e4sentationen<\/li>\n<\/ul>\n<\/div><\/section>\n\n<\/div><\/div><\/div><!-- close content main div --><\/div><\/div>\n<style type=\"text\/css\" data-created_by=\"avia_inline_auto\" id=\"style-css-av-hdkej-59ba9ceae13df57095c0d164c419c251\">\n.avia-section.av-hdkej-59ba9ceae13df57095c0d164c419c251{\nmargin-top:40px;\nmargin-bottom:50px;\n}\n<\/style>\n<div id='av_section_3'  class='avia-section av-hdkej-59ba9ceae13df57095c0d164c419c251 main_color avia-section-small avia-no-border-styling  avia-builder-el-11  el_after_av_section  avia-builder-el-last  avia-bg-style-scroll container_wrap fullsize'  ><div class='container av-section-cont-open' ><div class='template-page content  av-content-full alpha units'><div class='post-entry post-entry-type-page post-entry-443'><div class='entry-content-wrapper clearfix'>\n\n<style type=\"text\/css\" data-created_by=\"avia_inline_auto\" id=\"style-css-av-axc2b-f85da512fdb6a216e724a0f7c8727975\">\n.av_promobox.av-axc2b-f85da512fdb6a216e724a0f7c8727975{\ncolor:#ffffff;\nbackground:#e8e8e8;\nborder-color:#ffffff;\n}\n<\/style>\n<div  class='av_promobox av-axc2b-f85da512fdb6a216e724a0f7c8727975 avia-button-yes  avia-builder-el-12  avia-builder-el-no-sibling '><div class='avia-promocontent'><p><strong>Suchen Sie nach Schulungen f\u00fcr andere Spezialthemen in der Fahrzeugtechnik, sprechen Sei uns ruhig an.<br \/>\nWir werden eine L\u00f6sung finden.<\/strong><\/p>\n<\/div><div  class='avia-button-wrap av-axc2b-9a3a5912f715e131e6016860c2e688b9-wrap avia-button-right ' >\n<style type=\"text\/css\" data-created_by=\"avia_inline_auto\" id=\"style-css-av-axc2b-9a3a5912f715e131e6016860c2e688b9\">\n#top #wrap_all .avia-button.av-axc2b-9a3a5912f715e131e6016860c2e688b9{\nbackground-color:#b02b2c;\nborder-color:#b02b2c;\ncolor:#ffffff;\n-webkit-transition:all 0.4s ease-in-out;\n-moz-transition:all 0.4s ease-in-out;\n-ms-transition:all 0.4s ease-in-out;\n-o-transition:all 0.4s ease-in-out;\ntransition:all 0.4s ease-in-out;\n}\n<\/style>\n<a href='https:\/\/stopdoc.de\/index.php\/kontakt-2\/'  class='avia-button av-axc2b-9a3a5912f715e131e6016860c2e688b9 avia-icon_select-no avia-size-large avia-position-right' ><span class='avia_iconbox_title' >zum Kontaktformular<\/span><\/a><\/div><\/div>\n\n","protected":false},"excerpt":{"rendered":"","protected":false},"author":1,"featured_media":0,"parent":234,"menu_order":0,"comment_status":"closed","ping_status":"closed","template":"","meta":{"footnotes":""},"class_list":["post-443","page","type-page","status-publish","hentry"],"yoast_head":"<!-- This site is optimized with the Yoast SEO plugin v27.2 - https:\/\/yoast.com\/product\/yoast-seo-wordpress\/ -->\n<title>Innovationen im Bereich Verbrennungsmotor - Stopdoc - Fachvortr\u00e4ge im Bereich Fahrzeugtechnik, Kfz-Elektronik, Management und Personalf\u00fchrung<\/title>\n<meta name=\"robots\" content=\"index, follow, max-snippet:-1, max-image-preview:large, max-video-preview:-1\" \/>\n<link rel=\"canonical\" href=\"https:\/\/stopdoc.de\/index.php\/angebote-2\/innovationen-im-bereich-verbrennungsmotor\/\" \/>\n<meta property=\"og:locale\" content=\"de_DE\" \/>\n<meta property=\"og:type\" content=\"article\" \/>\n<meta property=\"og:title\" content=\"Innovationen im Bereich Verbrennungsmotor - Stopdoc - Fachvortr\u00e4ge im Bereich Fahrzeugtechnik, Kfz-Elektronik, Management und Personalf\u00fchrung\" \/>\n<meta property=\"og:url\" content=\"https:\/\/stopdoc.de\/index.php\/angebote-2\/innovationen-im-bereich-verbrennungsmotor\/\" \/>\n<meta property=\"og:site_name\" content=\"Stopdoc - Fachvortr\u00e4ge im Bereich Fahrzeugtechnik, Kfz-Elektronik, Management und Personalf\u00fchrung\" \/>\n<meta property=\"article:modified_time\" content=\"2023-07-21T06:53:59+00:00\" \/>\n<meta name=\"twitter:card\" content=\"summary_large_image\" \/>\n<meta name=\"twitter:label1\" content=\"Gesch\u00e4tzte Lesezeit\" \/>\n\t<meta name=\"twitter:data1\" content=\"13\u00a0Minuten\" \/>\n<script type=\"application\/ld+json\" class=\"yoast-schema-graph\">{\"@context\":\"https:\/\/schema.org\",\"@graph\":[{\"@type\":\"WebPage\",\"@id\":\"https:\/\/stopdoc.de\/index.php\/angebote-2\/innovationen-im-bereich-verbrennungsmotor\/\",\"url\":\"https:\/\/stopdoc.de\/index.php\/angebote-2\/innovationen-im-bereich-verbrennungsmotor\/\",\"name\":\"Innovationen im Bereich Verbrennungsmotor - Stopdoc - Fachvortr\u00e4ge im Bereich Fahrzeugtechnik, Kfz-Elektronik, Management und Personalf\u00fchrung\",\"isPartOf\":{\"@id\":\"https:\/\/stopdoc.de\/#website\"},\"datePublished\":\"2022-08-10T10:16:44+00:00\",\"dateModified\":\"2023-07-21T06:53:59+00:00\",\"breadcrumb\":{\"@id\":\"https:\/\/stopdoc.de\/index.php\/angebote-2\/innovationen-im-bereich-verbrennungsmotor\/#breadcrumb\"},\"inLanguage\":\"de\",\"potentialAction\":[{\"@type\":\"ReadAction\",\"target\":[\"https:\/\/stopdoc.de\/index.php\/angebote-2\/innovationen-im-bereich-verbrennungsmotor\/\"]}]},{\"@type\":\"BreadcrumbList\",\"@id\":\"https:\/\/stopdoc.de\/index.php\/angebote-2\/innovationen-im-bereich-verbrennungsmotor\/#breadcrumb\",\"itemListElement\":[{\"@type\":\"ListItem\",\"position\":1,\"name\":\"Startseite\",\"item\":\"https:\/\/stopdoc.de\/\"},{\"@type\":\"ListItem\",\"position\":2,\"name\":\"Angebote\",\"item\":\"https:\/\/stopdoc.de\/index.php\/angebote-2\/\"},{\"@type\":\"ListItem\",\"position\":3,\"name\":\"Innovationen im Bereich Verbrennungsmotor\"}]},{\"@type\":\"WebSite\",\"@id\":\"https:\/\/stopdoc.de\/#website\",\"url\":\"https:\/\/stopdoc.de\/\",\"name\":\"Stopdoc - Fachvortr\u00e4ge im Bereich Fahrzeugtechnik, Kfz-Elektronik, Management und Personalf\u00fchrung\",\"description\":\"\",\"publisher\":{\"@id\":\"https:\/\/stopdoc.de\/#organization\"},\"potentialAction\":[{\"@type\":\"SearchAction\",\"target\":{\"@type\":\"EntryPoint\",\"urlTemplate\":\"https:\/\/stopdoc.de\/?s={search_term_string}\"},\"query-input\":{\"@type\":\"PropertyValueSpecification\",\"valueRequired\":true,\"valueName\":\"search_term_string\"}}],\"inLanguage\":\"de\"},{\"@type\":\"Organization\",\"@id\":\"https:\/\/stopdoc.de\/#organization\",\"name\":\"StopDoc Training GmbH\",\"url\":\"https:\/\/stopdoc.de\/\",\"logo\":{\"@type\":\"ImageObject\",\"inLanguage\":\"de\",\"@id\":\"https:\/\/stopdoc.de\/#\/schema\/logo\/image\/\",\"url\":\"https:\/\/stopdoc.de\/wp-content\/uploads\/2022\/07\/logo-small-web-schatten-v2.png\",\"contentUrl\":\"https:\/\/stopdoc.de\/wp-content\/uploads\/2022\/07\/logo-small-web-schatten-v2.png\",\"width\":336,\"height\":120,\"caption\":\"StopDoc Training GmbH\"},\"image\":{\"@id\":\"https:\/\/stopdoc.de\/#\/schema\/logo\/image\/\"}}]}<\/script>\n<!-- \/ Yoast SEO plugin. -->","yoast_head_json":{"title":"Innovationen im Bereich Verbrennungsmotor - Stopdoc - Fachvortr\u00e4ge im Bereich Fahrzeugtechnik, Kfz-Elektronik, Management und Personalf\u00fchrung","robots":{"index":"index","follow":"follow","max-snippet":"max-snippet:-1","max-image-preview":"max-image-preview:large","max-video-preview":"max-video-preview:-1"},"canonical":"https:\/\/stopdoc.de\/index.php\/angebote-2\/innovationen-im-bereich-verbrennungsmotor\/","og_locale":"de_DE","og_type":"article","og_title":"Innovationen im Bereich Verbrennungsmotor - Stopdoc - Fachvortr\u00e4ge im Bereich Fahrzeugtechnik, Kfz-Elektronik, Management und Personalf\u00fchrung","og_url":"https:\/\/stopdoc.de\/index.php\/angebote-2\/innovationen-im-bereich-verbrennungsmotor\/","og_site_name":"Stopdoc - Fachvortr\u00e4ge im Bereich Fahrzeugtechnik, Kfz-Elektronik, Management und Personalf\u00fchrung","article_modified_time":"2023-07-21T06:53:59+00:00","twitter_card":"summary_large_image","twitter_misc":{"Gesch\u00e4tzte Lesezeit":"13\u00a0Minuten"},"schema":{"@context":"https:\/\/schema.org","@graph":[{"@type":"WebPage","@id":"https:\/\/stopdoc.de\/index.php\/angebote-2\/innovationen-im-bereich-verbrennungsmotor\/","url":"https:\/\/stopdoc.de\/index.php\/angebote-2\/innovationen-im-bereich-verbrennungsmotor\/","name":"Innovationen im Bereich Verbrennungsmotor - Stopdoc - Fachvortr\u00e4ge im Bereich Fahrzeugtechnik, Kfz-Elektronik, Management und Personalf\u00fchrung","isPartOf":{"@id":"https:\/\/stopdoc.de\/#website"},"datePublished":"2022-08-10T10:16:44+00:00","dateModified":"2023-07-21T06:53:59+00:00","breadcrumb":{"@id":"https:\/\/stopdoc.de\/index.php\/angebote-2\/innovationen-im-bereich-verbrennungsmotor\/#breadcrumb"},"inLanguage":"de","potentialAction":[{"@type":"ReadAction","target":["https:\/\/stopdoc.de\/index.php\/angebote-2\/innovationen-im-bereich-verbrennungsmotor\/"]}]},{"@type":"BreadcrumbList","@id":"https:\/\/stopdoc.de\/index.php\/angebote-2\/innovationen-im-bereich-verbrennungsmotor\/#breadcrumb","itemListElement":[{"@type":"ListItem","position":1,"name":"Startseite","item":"https:\/\/stopdoc.de\/"},{"@type":"ListItem","position":2,"name":"Angebote","item":"https:\/\/stopdoc.de\/index.php\/angebote-2\/"},{"@type":"ListItem","position":3,"name":"Innovationen im Bereich Verbrennungsmotor"}]},{"@type":"WebSite","@id":"https:\/\/stopdoc.de\/#website","url":"https:\/\/stopdoc.de\/","name":"Stopdoc - Fachvortr\u00e4ge im Bereich Fahrzeugtechnik, Kfz-Elektronik, Management und Personalf\u00fchrung","description":"","publisher":{"@id":"https:\/\/stopdoc.de\/#organization"},"potentialAction":[{"@type":"SearchAction","target":{"@type":"EntryPoint","urlTemplate":"https:\/\/stopdoc.de\/?s={search_term_string}"},"query-input":{"@type":"PropertyValueSpecification","valueRequired":true,"valueName":"search_term_string"}}],"inLanguage":"de"},{"@type":"Organization","@id":"https:\/\/stopdoc.de\/#organization","name":"StopDoc Training GmbH","url":"https:\/\/stopdoc.de\/","logo":{"@type":"ImageObject","inLanguage":"de","@id":"https:\/\/stopdoc.de\/#\/schema\/logo\/image\/","url":"https:\/\/stopdoc.de\/wp-content\/uploads\/2022\/07\/logo-small-web-schatten-v2.png","contentUrl":"https:\/\/stopdoc.de\/wp-content\/uploads\/2022\/07\/logo-small-web-schatten-v2.png","width":336,"height":120,"caption":"StopDoc Training GmbH"},"image":{"@id":"https:\/\/stopdoc.de\/#\/schema\/logo\/image\/"}}]}},"_links":{"self":[{"href":"https:\/\/stopdoc.de\/index.php\/wp-json\/wp\/v2\/pages\/443","targetHints":{"allow":["GET"]}}],"collection":[{"href":"https:\/\/stopdoc.de\/index.php\/wp-json\/wp\/v2\/pages"}],"about":[{"href":"https:\/\/stopdoc.de\/index.php\/wp-json\/wp\/v2\/types\/page"}],"author":[{"embeddable":true,"href":"https:\/\/stopdoc.de\/index.php\/wp-json\/wp\/v2\/users\/1"}],"replies":[{"embeddable":true,"href":"https:\/\/stopdoc.de\/index.php\/wp-json\/wp\/v2\/comments?post=443"}],"version-history":[{"count":6,"href":"https:\/\/stopdoc.de\/index.php\/wp-json\/wp\/v2\/pages\/443\/revisions"}],"predecessor-version":[{"id":573,"href":"https:\/\/stopdoc.de\/index.php\/wp-json\/wp\/v2\/pages\/443\/revisions\/573"}],"up":[{"embeddable":true,"href":"https:\/\/stopdoc.de\/index.php\/wp-json\/wp\/v2\/pages\/234"}],"wp:attachment":[{"href":"https:\/\/stopdoc.de\/index.php\/wp-json\/wp\/v2\/media?parent=443"}],"curies":[{"name":"wp","href":"https:\/\/api.w.org\/{rel}","templated":true}]}}