{"id":480,"date":"2023-06-10T11:04:49","date_gmt":"2023-06-10T09:04:49","guid":{"rendered":"https:\/\/new.stopdoc.de\/?page_id=480"},"modified":"2023-07-21T08:53:32","modified_gmt":"2023-07-21T06:53:32","slug":"480-2","status":"publish","type":"page","link":"https:\/\/stopdoc.de\/index.php\/angebote-2\/480-2\/","title":{"rendered":"Cyber Security"},"content":{"rendered":"<div id='layer_slider_1'  class='avia-layerslider main_color avia-shadow  avia-builder-el-0  el_before_av_one_full  avia-builder-el-first  container_wrap fullsize'  style='height: 11px;'  ><\/div><div id='after_layer_slider_1'  class='main_color av_default_container_wrap container_wrap fullsize'  ><div class='container av-section-cont-open' ><div class='template-page content  av-content-full alpha units'><div class='post-entry post-entry-type-page post-entry-480'><div class='entry-content-wrapper clearfix'>\n<div class='flex_column av-1olzao-bb74e04ad145bfc8a52cfdcb16e003aa av_one_full  avia-builder-el-1  el_after_av_layerslider  el_before_av_section  avia-builder-el-no-sibling  first flex_column_div '     ><style type=\"text\/css\" data-created_by=\"avia_inline_auto\" id=\"style-css-av-liprn79z-ca5e131c6a9f8b251c16ac4ea7ba6e6e\">\n#top .av-special-heading.av-liprn79z-ca5e131c6a9f8b251c16ac4ea7ba6e6e{\npadding-bottom:10px;\n}\nbody .av-special-heading.av-liprn79z-ca5e131c6a9f8b251c16ac4ea7ba6e6e .av-special-heading-tag .heading-char{\nfont-size:25px;\n}\n.av-special-heading.av-liprn79z-ca5e131c6a9f8b251c16ac4ea7ba6e6e .av-subheading{\nfont-size:15px;\n}\n<\/style>\n<div  class='av-special-heading av-liprn79z-ca5e131c6a9f8b251c16ac4ea7ba6e6e av-special-heading-h1 blockquote modern-quote modern-centered  avia-builder-el-2  avia-builder-el-no-sibling '><h1 class='av-special-heading-tag'  itemprop=\"headline\"  >Cyber Security<\/h1><div class=\"special-heading-border\"><div class=\"special-heading-inner-border\"><\/div><\/div><\/div><\/div>\n<\/div><\/div><\/div><!-- close content main div --><\/div><\/div>\n<style type=\"text\/css\" data-created_by=\"avia_inline_auto\" id=\"style-css-av-1jekds-236be03366800680b6a3f48252d74ad2\">\n.avia-section.av-1jekds-236be03366800680b6a3f48252d74ad2{\nbackground-color:#fcfcfc;\nbackground-image:unset;\n}\n<\/style>\n<div id='av_section_1'  class='avia-section av-1jekds-236be03366800680b6a3f48252d74ad2 main_color avia-section-default avia-no-border-styling  avia-builder-el-3  el_after_av_one_full  el_before_av_section  avia-bg-style-scroll container_wrap fullsize'  ><div class='container av-section-cont-open' ><div class='template-page content  av-content-full alpha units'><div class='post-entry post-entry-type-page post-entry-480'><div class='entry-content-wrapper clearfix'>\n<div class='flex_column av-1h9j8g-a8bf3dc4868201aa3c75e64c6d3a26d4 av_one_half  avia-builder-el-4  el_before_av_one_half  avia-builder-el-first  first flex_column_div '     ><style type=\"text\/css\" data-created_by=\"avia_inline_auto\" id=\"style-css-av-1beggw-faf9e7b211bd3090deb7532b1bdccb8b\">\n.avia-image-container.av-1beggw-faf9e7b211bd3090deb7532b1bdccb8b img.avia_image{\nbox-shadow:none;\n}\n.avia-image-container.av-1beggw-faf9e7b211bd3090deb7532b1bdccb8b .av-image-caption-overlay-center{\ncolor:#ffffff;\n}\n<\/style>\n<div  class='avia-image-container av-1beggw-faf9e7b211bd3090deb7532b1bdccb8b av-styling- avia-align-center  avia-builder-el-5  avia-builder-el-no-sibling '   itemprop=\"image\" itemscope=\"itemscope\" itemtype=\"https:\/\/schema.org\/ImageObject\" ><div class=\"avia-image-container-inner\"><div class=\"avia-image-overlay-wrap\"><img decoding=\"async\" class='wp-image-483 avia-img-lazy-loading-not-483 avia_image ' src=\"https:\/\/stopdoc.de\/wp-content\/uploads\/2023\/06\/Cyber-Security.jpg\" alt='Cyber Security' title='Cyber-Security'  height=\"534\" width=\"800\"  itemprop=\"thumbnailUrl\" srcset=\"https:\/\/stopdoc.de\/wp-content\/uploads\/2023\/06\/Cyber-Security.jpg 800w, https:\/\/stopdoc.de\/wp-content\/uploads\/2023\/06\/Cyber-Security-300x200.jpg 300w, https:\/\/stopdoc.de\/wp-content\/uploads\/2023\/06\/Cyber-Security-768x513.jpg 768w, https:\/\/stopdoc.de\/wp-content\/uploads\/2023\/06\/Cyber-Security-705x471.jpg 705w\" sizes=\"(max-width: 800px) 100vw, 800px\" \/><\/div><\/div><\/div><\/div><div class='flex_column av-14ys6w-45893d612bcf6be71bb2845270e5a563 av_one_half  avia-builder-el-6  el_after_av_one_half  avia-builder-el-last  flex_column_div '     ><section  class='av_textblock_section av-liprq8qs-d8c6ca030dc6e0d585660eb539242d8a'  itemscope=\"itemscope\" itemtype=\"https:\/\/schema.org\/CreativeWork\" ><div class='avia_textblock'  itemprop=\"text\" ><p><span style=\"color: #000000;\">Die IT-Industrie ist der Fahrzeugtechnik etwa 10 Jahre voraus. Was dort an Bedrohungen entstanden ist und wie sich die Hacker-Industrie kommerzialisiert hat wird als Eingangsszenario verwendet f\u00fcr die Automobile, deren Instandhaltung und deren Herstellung.<\/span><\/p>\n<p><span style=\"color: #000000;\">Der Teilnehmer bekommt einen Einblick in die ISO21434 und die UN 155\/156 und so eine Vorstellung, was an Schutz inzwischen schon realisiert worden ist. Aber er bekommt auch Informationen, was schon alles an Hacks erfolgreich umgesetzt wurde und wie man sich h\u00e4tte sch\u00fctzen k\u00f6nnen\/sollen. ASOC\u2019s und Honeypots sind Entdeckungsma\u00dfnahmen und erlauben Gegen- und Schutzma\u00dfnahmen.<\/span><\/p>\n<p><span style=\"color: #000000;\">Am Ende sollte der Teilnehmer sensibilisiert sein, zuversichtlich, die Fachbegriffe kennen und die Ma\u00dfnahmen wenn doch einmal ein Angriff durchkommt.<\/span><\/p>\n<\/div><\/section><\/div>\n\n<\/div><\/div><\/div><!-- close content main div --><\/div><\/div><div id='av_section_2'  class='avia-section av-zo1og-52d3ab6f200f66f84f5abd9bdc0078ed main_color avia-section-default avia-no-border-styling  avia-builder-el-8  el_after_av_section  el_before_av_section  av-desktop-hide av-medium-hide av-small-hide av-mini-hide avia-bg-style-scroll container_wrap fullsize'  ><div class='container av-section-cont-open' ><div class='template-page content  av-content-full alpha units'><div class='post-entry post-entry-type-page post-entry-480'><div class='entry-content-wrapper clearfix'>\n\n<style type=\"text\/css\" data-created_by=\"avia_inline_auto\" id=\"style-css-av-oou20-e217a7e2e437cd8b0d8b74f831ff3276\">\n#top .av-special-heading.av-oou20-e217a7e2e437cd8b0d8b74f831ff3276{\npadding-bottom:10px;\n}\nbody .av-special-heading.av-oou20-e217a7e2e437cd8b0d8b74f831ff3276 .av-special-heading-tag .heading-char{\nfont-size:25px;\n}\n.av-special-heading.av-oou20-e217a7e2e437cd8b0d8b74f831ff3276 .av-subheading{\nfont-size:15px;\n}\n<\/style>\n<div  class='av-special-heading av-oou20-e217a7e2e437cd8b0d8b74f831ff3276 av-special-heading-h2 blockquote modern-quote modern-centered  avia-builder-el-9  el_before_av_textblock  avia-builder-el-first '><h2 class='av-special-heading-tag'  itemprop=\"headline\"  >Inhalt &#8211; Ablauf der Schulung<\/h2><div class=\"special-heading-border\"><div class=\"special-heading-inner-border\"><\/div><\/div><\/div>\n<section  class='av_textblock_section av-jnz94-7a529417db1cb5061bce62310b71c5f1'  itemscope=\"itemscope\" itemtype=\"https:\/\/schema.org\/CreativeWork\" ><div class='avia_textblock'  itemprop=\"text\" ><p><strong>Einleitung<\/strong><\/p>\n<ul>\n<li>01 Begr\u00fc\u00dfung, Referenten<\/li>\n<li>02 Pausenunterhaltung<\/li>\n<li>03 Witzige Pr\u00e4sentationen<\/li>\n<\/ul>\n<\/div><\/section>\n\n<\/div><\/div><\/div><!-- close content main div --><\/div><\/div>\n<style type=\"text\/css\" data-created_by=\"avia_inline_auto\" id=\"style-css-av-fsd0o-bd0e7bf7246b43d039743f07e80fffbf\">\n.avia-section.av-fsd0o-bd0e7bf7246b43d039743f07e80fffbf{\nmargin-top:40px;\nmargin-bottom:50px;\n}\n<\/style>\n<div id='av_section_3'  class='avia-section av-fsd0o-bd0e7bf7246b43d039743f07e80fffbf main_color avia-section-small avia-no-border-styling  avia-builder-el-11  el_after_av_section  avia-builder-el-last  avia-bg-style-scroll container_wrap fullsize'  ><div class='container av-section-cont-open' ><div class='template-page content  av-content-full alpha units'><div class='post-entry post-entry-type-page post-entry-480'><div class='entry-content-wrapper clearfix'>\n\n<style type=\"text\/css\" data-created_by=\"avia_inline_auto\" id=\"style-css-av-az1tk-76b9b3b889e999cfb21e52293499bb8b\">\n.av_promobox.av-az1tk-76b9b3b889e999cfb21e52293499bb8b{\ncolor:#ffffff;\nbackground:#e8e8e8;\nborder-color:#ffffff;\n}\n<\/style>\n<div  class='av_promobox av-az1tk-76b9b3b889e999cfb21e52293499bb8b avia-button-yes  avia-builder-el-12  avia-builder-el-no-sibling '><div class='avia-promocontent'><p><strong>Suchen Sie nach Schulungen f\u00fcr andere Spezialthemen in der Fahrzeugtechnik, sprechen Sei uns ruhig an.<br \/>\nWir werden eine L\u00f6sung finden.<\/strong><\/p>\n<\/div><div  class='avia-button-wrap av-az1tk-51d24f9186a7993c3cb789b45bf819ef-wrap avia-button-right ' >\n<style type=\"text\/css\" data-created_by=\"avia_inline_auto\" id=\"style-css-av-az1tk-51d24f9186a7993c3cb789b45bf819ef\">\n#top #wrap_all .avia-button.av-az1tk-51d24f9186a7993c3cb789b45bf819ef{\nbackground-color:#b02b2c;\nborder-color:#b02b2c;\ncolor:#ffffff;\n-webkit-transition:all 0.4s ease-in-out;\n-moz-transition:all 0.4s ease-in-out;\n-ms-transition:all 0.4s ease-in-out;\n-o-transition:all 0.4s ease-in-out;\ntransition:all 0.4s ease-in-out;\n}\n<\/style>\n<a href='https:\/\/stopdoc.de\/index.php\/kontakt-2\/'  class='avia-button av-az1tk-51d24f9186a7993c3cb789b45bf819ef avia-icon_select-no avia-size-large avia-position-right' ><span class='avia_iconbox_title' >zum Kontaktformular<\/span><\/a><\/div><\/div>\n\n","protected":false},"excerpt":{"rendered":"","protected":false},"author":1,"featured_media":0,"parent":234,"menu_order":0,"comment_status":"closed","ping_status":"closed","template":"","meta":{"footnotes":""},"class_list":["post-480","page","type-page","status-publish","hentry"],"yoast_head":"<!-- This site is optimized with the Yoast SEO plugin v27.2 - https:\/\/yoast.com\/product\/yoast-seo-wordpress\/ -->\n<title>Cyber Security - Stopdoc - Fachvortr\u00e4ge im Bereich Fahrzeugtechnik, Kfz-Elektronik, Management und Personalf\u00fchrung<\/title>\n<meta name=\"robots\" content=\"index, follow, max-snippet:-1, max-image-preview:large, max-video-preview:-1\" \/>\n<link rel=\"canonical\" href=\"https:\/\/stopdoc.de\/index.php\/angebote-2\/480-2\/\" \/>\n<meta property=\"og:locale\" content=\"de_DE\" \/>\n<meta property=\"og:type\" content=\"article\" \/>\n<meta property=\"og:title\" content=\"Cyber Security - Stopdoc - Fachvortr\u00e4ge im Bereich Fahrzeugtechnik, Kfz-Elektronik, Management und Personalf\u00fchrung\" \/>\n<meta property=\"og:url\" content=\"https:\/\/stopdoc.de\/index.php\/angebote-2\/480-2\/\" \/>\n<meta property=\"og:site_name\" content=\"Stopdoc - Fachvortr\u00e4ge im Bereich Fahrzeugtechnik, Kfz-Elektronik, Management und Personalf\u00fchrung\" \/>\n<meta property=\"article:modified_time\" content=\"2023-07-21T06:53:32+00:00\" \/>\n<meta name=\"twitter:card\" content=\"summary_large_image\" \/>\n<meta name=\"twitter:label1\" content=\"Gesch\u00e4tzte Lesezeit\" \/>\n\t<meta name=\"twitter:data1\" content=\"13\u00a0Minuten\" \/>\n<script type=\"application\/ld+json\" class=\"yoast-schema-graph\">{\"@context\":\"https:\/\/schema.org\",\"@graph\":[{\"@type\":\"WebPage\",\"@id\":\"https:\/\/stopdoc.de\/index.php\/angebote-2\/480-2\/\",\"url\":\"https:\/\/stopdoc.de\/index.php\/angebote-2\/480-2\/\",\"name\":\"Cyber Security - Stopdoc - Fachvortr\u00e4ge im Bereich Fahrzeugtechnik, Kfz-Elektronik, Management und Personalf\u00fchrung\",\"isPartOf\":{\"@id\":\"https:\/\/stopdoc.de\/#website\"},\"datePublished\":\"2023-06-10T09:04:49+00:00\",\"dateModified\":\"2023-07-21T06:53:32+00:00\",\"breadcrumb\":{\"@id\":\"https:\/\/stopdoc.de\/index.php\/angebote-2\/480-2\/#breadcrumb\"},\"inLanguage\":\"de\",\"potentialAction\":[{\"@type\":\"ReadAction\",\"target\":[\"https:\/\/stopdoc.de\/index.php\/angebote-2\/480-2\/\"]}]},{\"@type\":\"BreadcrumbList\",\"@id\":\"https:\/\/stopdoc.de\/index.php\/angebote-2\/480-2\/#breadcrumb\",\"itemListElement\":[{\"@type\":\"ListItem\",\"position\":1,\"name\":\"Startseite\",\"item\":\"https:\/\/stopdoc.de\/\"},{\"@type\":\"ListItem\",\"position\":2,\"name\":\"Angebote\",\"item\":\"https:\/\/stopdoc.de\/index.php\/angebote-2\/\"},{\"@type\":\"ListItem\",\"position\":3,\"name\":\"Cyber Security\"}]},{\"@type\":\"WebSite\",\"@id\":\"https:\/\/stopdoc.de\/#website\",\"url\":\"https:\/\/stopdoc.de\/\",\"name\":\"Stopdoc - Fachvortr\u00e4ge im Bereich Fahrzeugtechnik, Kfz-Elektronik, Management und Personalf\u00fchrung\",\"description\":\"\",\"publisher\":{\"@id\":\"https:\/\/stopdoc.de\/#organization\"},\"potentialAction\":[{\"@type\":\"SearchAction\",\"target\":{\"@type\":\"EntryPoint\",\"urlTemplate\":\"https:\/\/stopdoc.de\/?s={search_term_string}\"},\"query-input\":{\"@type\":\"PropertyValueSpecification\",\"valueRequired\":true,\"valueName\":\"search_term_string\"}}],\"inLanguage\":\"de\"},{\"@type\":\"Organization\",\"@id\":\"https:\/\/stopdoc.de\/#organization\",\"name\":\"StopDoc Training GmbH\",\"url\":\"https:\/\/stopdoc.de\/\",\"logo\":{\"@type\":\"ImageObject\",\"inLanguage\":\"de\",\"@id\":\"https:\/\/stopdoc.de\/#\/schema\/logo\/image\/\",\"url\":\"https:\/\/stopdoc.de\/wp-content\/uploads\/2022\/07\/logo-small-web-schatten-v2.png\",\"contentUrl\":\"https:\/\/stopdoc.de\/wp-content\/uploads\/2022\/07\/logo-small-web-schatten-v2.png\",\"width\":336,\"height\":120,\"caption\":\"StopDoc Training GmbH\"},\"image\":{\"@id\":\"https:\/\/stopdoc.de\/#\/schema\/logo\/image\/\"}}]}<\/script>\n<!-- \/ Yoast SEO plugin. -->","yoast_head_json":{"title":"Cyber Security - Stopdoc - Fachvortr\u00e4ge im Bereich Fahrzeugtechnik, Kfz-Elektronik, Management und Personalf\u00fchrung","robots":{"index":"index","follow":"follow","max-snippet":"max-snippet:-1","max-image-preview":"max-image-preview:large","max-video-preview":"max-video-preview:-1"},"canonical":"https:\/\/stopdoc.de\/index.php\/angebote-2\/480-2\/","og_locale":"de_DE","og_type":"article","og_title":"Cyber Security - Stopdoc - Fachvortr\u00e4ge im Bereich Fahrzeugtechnik, Kfz-Elektronik, Management und Personalf\u00fchrung","og_url":"https:\/\/stopdoc.de\/index.php\/angebote-2\/480-2\/","og_site_name":"Stopdoc - Fachvortr\u00e4ge im Bereich Fahrzeugtechnik, Kfz-Elektronik, Management und Personalf\u00fchrung","article_modified_time":"2023-07-21T06:53:32+00:00","twitter_card":"summary_large_image","twitter_misc":{"Gesch\u00e4tzte Lesezeit":"13\u00a0Minuten"},"schema":{"@context":"https:\/\/schema.org","@graph":[{"@type":"WebPage","@id":"https:\/\/stopdoc.de\/index.php\/angebote-2\/480-2\/","url":"https:\/\/stopdoc.de\/index.php\/angebote-2\/480-2\/","name":"Cyber Security - Stopdoc - Fachvortr\u00e4ge im Bereich Fahrzeugtechnik, Kfz-Elektronik, Management und Personalf\u00fchrung","isPartOf":{"@id":"https:\/\/stopdoc.de\/#website"},"datePublished":"2023-06-10T09:04:49+00:00","dateModified":"2023-07-21T06:53:32+00:00","breadcrumb":{"@id":"https:\/\/stopdoc.de\/index.php\/angebote-2\/480-2\/#breadcrumb"},"inLanguage":"de","potentialAction":[{"@type":"ReadAction","target":["https:\/\/stopdoc.de\/index.php\/angebote-2\/480-2\/"]}]},{"@type":"BreadcrumbList","@id":"https:\/\/stopdoc.de\/index.php\/angebote-2\/480-2\/#breadcrumb","itemListElement":[{"@type":"ListItem","position":1,"name":"Startseite","item":"https:\/\/stopdoc.de\/"},{"@type":"ListItem","position":2,"name":"Angebote","item":"https:\/\/stopdoc.de\/index.php\/angebote-2\/"},{"@type":"ListItem","position":3,"name":"Cyber Security"}]},{"@type":"WebSite","@id":"https:\/\/stopdoc.de\/#website","url":"https:\/\/stopdoc.de\/","name":"Stopdoc - Fachvortr\u00e4ge im Bereich Fahrzeugtechnik, Kfz-Elektronik, Management und Personalf\u00fchrung","description":"","publisher":{"@id":"https:\/\/stopdoc.de\/#organization"},"potentialAction":[{"@type":"SearchAction","target":{"@type":"EntryPoint","urlTemplate":"https:\/\/stopdoc.de\/?s={search_term_string}"},"query-input":{"@type":"PropertyValueSpecification","valueRequired":true,"valueName":"search_term_string"}}],"inLanguage":"de"},{"@type":"Organization","@id":"https:\/\/stopdoc.de\/#organization","name":"StopDoc Training GmbH","url":"https:\/\/stopdoc.de\/","logo":{"@type":"ImageObject","inLanguage":"de","@id":"https:\/\/stopdoc.de\/#\/schema\/logo\/image\/","url":"https:\/\/stopdoc.de\/wp-content\/uploads\/2022\/07\/logo-small-web-schatten-v2.png","contentUrl":"https:\/\/stopdoc.de\/wp-content\/uploads\/2022\/07\/logo-small-web-schatten-v2.png","width":336,"height":120,"caption":"StopDoc Training GmbH"},"image":{"@id":"https:\/\/stopdoc.de\/#\/schema\/logo\/image\/"}}]}},"_links":{"self":[{"href":"https:\/\/stopdoc.de\/index.php\/wp-json\/wp\/v2\/pages\/480","targetHints":{"allow":["GET"]}}],"collection":[{"href":"https:\/\/stopdoc.de\/index.php\/wp-json\/wp\/v2\/pages"}],"about":[{"href":"https:\/\/stopdoc.de\/index.php\/wp-json\/wp\/v2\/types\/page"}],"author":[{"embeddable":true,"href":"https:\/\/stopdoc.de\/index.php\/wp-json\/wp\/v2\/users\/1"}],"replies":[{"embeddable":true,"href":"https:\/\/stopdoc.de\/index.php\/wp-json\/wp\/v2\/comments?post=480"}],"version-history":[{"count":4,"href":"https:\/\/stopdoc.de\/index.php\/wp-json\/wp\/v2\/pages\/480\/revisions"}],"predecessor-version":[{"id":572,"href":"https:\/\/stopdoc.de\/index.php\/wp-json\/wp\/v2\/pages\/480\/revisions\/572"}],"up":[{"embeddable":true,"href":"https:\/\/stopdoc.de\/index.php\/wp-json\/wp\/v2\/pages\/234"}],"wp:attachment":[{"href":"https:\/\/stopdoc.de\/index.php\/wp-json\/wp\/v2\/media?parent=480"}],"curies":[{"name":"wp","href":"https:\/\/api.w.org\/{rel}","templated":true}]}}