{"id":485,"date":"2023-06-10T11:15:33","date_gmt":"2023-06-10T09:15:33","guid":{"rendered":"https:\/\/new.stopdoc.de\/?page_id=485"},"modified":"2023-07-21T08:53:07","modified_gmt":"2023-07-21T06:53:07","slug":"485-2","status":"publish","type":"page","link":"https:\/\/stopdoc.de\/index.php\/angebote-2\/485-2\/","title":{"rendered":"Bremssysteme"},"content":{"rendered":"<div id='layer_slider_1'  class='avia-layerslider main_color avia-shadow  avia-builder-el-0  el_before_av_one_full  avia-builder-el-first  container_wrap fullsize'  style='height: 11px;'  ><\/div><div id='after_layer_slider_1'  class='main_color av_default_container_wrap container_wrap fullsize'  ><div class='container av-section-cont-open' ><div class='template-page content  av-content-full alpha units'><div class='post-entry post-entry-type-page post-entry-485'><div class='entry-content-wrapper clearfix'>\n<div class='flex_column av-1kllrp-5ef0bcddb4e44b5093363f817e7151fe av_one_full  avia-builder-el-1  el_after_av_layerslider  el_before_av_section  avia-builder-el-no-sibling  first flex_column_div '     ><style type=\"text\/css\" data-created_by=\"avia_inline_auto\" id=\"style-css-av-lips0gs5-d88ead1cbe9faf16cce74af31e9b19c0\">\n#top .av-special-heading.av-lips0gs5-d88ead1cbe9faf16cce74af31e9b19c0{\npadding-bottom:10px;\n}\nbody .av-special-heading.av-lips0gs5-d88ead1cbe9faf16cce74af31e9b19c0 .av-special-heading-tag .heading-char{\nfont-size:25px;\n}\n.av-special-heading.av-lips0gs5-d88ead1cbe9faf16cce74af31e9b19c0 .av-subheading{\nfont-size:15px;\n}\n<\/style>\n<div  class='av-special-heading av-lips0gs5-d88ead1cbe9faf16cce74af31e9b19c0 av-special-heading-h1 blockquote modern-quote modern-centered  avia-builder-el-2  avia-builder-el-no-sibling '><h1 class='av-special-heading-tag'  itemprop=\"headline\"  >Bremssysteme<\/h1><div class=\"special-heading-border\"><div class=\"special-heading-inner-border\"><\/div><\/div><\/div><\/div>\n<\/div><\/div><\/div><!-- close content main div --><\/div><\/div>\n<style type=\"text\/css\" data-created_by=\"avia_inline_auto\" id=\"style-css-av-1dr9pp-82796001f3cbff4ad6a5ccfdac7b4ab8\">\n.avia-section.av-1dr9pp-82796001f3cbff4ad6a5ccfdac7b4ab8{\nbackground-color:#fcfcfc;\nbackground-image:unset;\n}\n<\/style>\n<div id='av_section_1'  class='avia-section av-1dr9pp-82796001f3cbff4ad6a5ccfdac7b4ab8 main_color avia-section-default avia-no-border-styling  avia-builder-el-3  el_after_av_one_full  el_before_av_section  avia-bg-style-scroll container_wrap fullsize'  ><div class='container av-section-cont-open' ><div class='template-page content  av-content-full alpha units'><div class='post-entry post-entry-type-page post-entry-485'><div class='entry-content-wrapper clearfix'>\n<div class='flex_column av-19iarp-9cc24d3efebe01b41daa1549f776d367 av_one_half  avia-builder-el-4  el_before_av_one_half  avia-builder-el-first  first flex_column_div '     ><style type=\"text\/css\" data-created_by=\"avia_inline_auto\" id=\"style-css-av-lips6tmh-660f6b66bd71173961ae9811b7dca9b1\">\n.avia-image-container.av-lips6tmh-660f6b66bd71173961ae9811b7dca9b1 img.avia_image{\nbox-shadow:none;\n}\n.avia-image-container.av-lips6tmh-660f6b66bd71173961ae9811b7dca9b1 .av-image-caption-overlay-center{\ncolor:#ffffff;\n}\n<\/style>\n<div  class='avia-image-container av-lips6tmh-660f6b66bd71173961ae9811b7dca9b1 av-styling- avia-align-center  avia-builder-el-5  avia-builder-el-no-sibling '   itemprop=\"image\" itemscope=\"itemscope\" itemtype=\"https:\/\/schema.org\/ImageObject\" ><div class=\"avia-image-container-inner\"><div class=\"avia-image-overlay-wrap\"><img decoding=\"async\" class='wp-image-486 avia-img-lazy-loading-not-486 avia_image ' src=\"https:\/\/stopdoc.de\/wp-content\/uploads\/2023\/06\/bremssysteme-800x430.jpg\" alt='bremmssysteme' title='bremssysteme'  height=\"430\" width=\"800\"  itemprop=\"thumbnailUrl\"  \/><\/div><\/div><\/div><\/div><div class='flex_column av-15bkud-6c96249d67a4f7db93a6ba4e6041ce68 av_one_half  avia-builder-el-6  el_after_av_one_half  avia-builder-el-last  flex_column_div '     ><section  class='av_textblock_section av-lips16nl-3343ae0cf5be94437fd49d8a014729e3'  itemscope=\"itemscope\" itemtype=\"https:\/\/schema.org\/CreativeWork\" ><div class='avia_textblock'  itemprop=\"text\" ><p>Profundes Fachwissen aus jahrzehntelanger T\u00e4tigkeit bei Zulieferern bildet die Basis f\u00fcr diesen Kurs.<br \/>\nEgal ob Scheibenbremsen oder Trommelbremsen, egal ob Kohlefaser- oder Graugussscheiben, ob ESP, EPB, IBC oder EMB \u2013 alle Fachgebiete k\u00f6nnen bedient werden.<\/p>\n<p>Die Schulungen k\u00f6nnen aus verschiedenen Bausteinen zusammengesetzt werden. Dazu kommen Basiswissen, Schadensbilder und Reparaturmethodik.<\/p>\n<\/div><\/section><\/div>\n\n<\/div><\/div><\/div><!-- close content main div --><\/div><\/div><div id='av_section_2'  class='avia-section av-zf2dp-f0703719e55e119f9583d068956e3624 main_color avia-section-default avia-no-border-styling  avia-builder-el-8  el_after_av_section  el_before_av_section  av-desktop-hide av-medium-hide av-small-hide av-mini-hide avia-bg-style-scroll container_wrap fullsize'  ><div class='container av-section-cont-open' ><div class='template-page content  av-content-full alpha units'><div class='post-entry post-entry-type-page post-entry-485'><div class='entry-content-wrapper clearfix'>\n\n<style type=\"text\/css\" data-created_by=\"avia_inline_auto\" id=\"style-css-av-pvbdp-0b74c0629b93f1c43610702b91c3f3d0\">\n#top .av-special-heading.av-pvbdp-0b74c0629b93f1c43610702b91c3f3d0{\npadding-bottom:10px;\n}\nbody .av-special-heading.av-pvbdp-0b74c0629b93f1c43610702b91c3f3d0 .av-special-heading-tag .heading-char{\nfont-size:25px;\n}\n.av-special-heading.av-pvbdp-0b74c0629b93f1c43610702b91c3f3d0 .av-subheading{\nfont-size:15px;\n}\n<\/style>\n<div  class='av-special-heading av-pvbdp-0b74c0629b93f1c43610702b91c3f3d0 av-special-heading-h2 blockquote modern-quote modern-centered  avia-builder-el-9  el_before_av_textblock  avia-builder-el-first '><h2 class='av-special-heading-tag'  itemprop=\"headline\"  >Inhalt &#8211; Ablauf der Schulung<\/h2><div class=\"special-heading-border\"><div class=\"special-heading-inner-border\"><\/div><\/div><\/div>\n<section  class='av_textblock_section av-kyg3h-807962a93b2a1b84e49acfac6309d358'  itemscope=\"itemscope\" itemtype=\"https:\/\/schema.org\/CreativeWork\" ><div class='avia_textblock'  itemprop=\"text\" ><p><strong>Einleitung<\/strong><\/p>\n<ol>\n<li>Begr\u00fc\u00dfung, Referenten<\/li>\n<li>Pausenunterhaltung<\/li>\n<li>Witzige Pr\u00e4sentationen<\/li>\n<\/ol>\n<p><b>Hydraulische Bremsanlagen<\/b><\/p>\n<ol>\n<li>Recht<\/li>\n<li>Grundlagen<\/li>\n<li>Auslegung<\/li>\n<li>Auflaufbremsen<\/li>\n<li>PKW Trommelbremsen Einleitung<\/li>\n<li>PKW Scheibenbremsen Einleitung<\/li>\n<li>PKW Hochleistungsbremsen Einltg.<\/li>\n<li>Feststell-Scheibenbremsen Einleitg.<\/li>\n<li>Bremssattelkonzepte im Vergleich<\/li>\n<li>Bremsenvergleichstest<\/li>\n<li>Bremsfl\u00fcssigkeit und \u2013schl\u00e4uche<\/li>\n<li>Bremsbel\u00e4ge<\/li>\n<li>Bremsscheiben<\/li>\n<li>Bremsger\u00e4usche<\/li>\n<li>Bremspr\u00fcfungen<\/li>\n<li>Fehler an Bremsen<\/li>\n<li>Bremsenreparaturen<\/li>\n<li>Innovationen PKW-Bremsen<\/li>\n<li>Neue Bremsenrichtlinie<\/li>\n<\/ol>\n<\/div><\/section>\n\n<\/div><\/div><\/div><!-- close content main div --><\/div><\/div>\n<style type=\"text\/css\" data-created_by=\"avia_inline_auto\" id=\"style-css-av-1ozl9-dc98891a6feff435bd9eba77de6d953f\">\n.avia-section.av-1ozl9-dc98891a6feff435bd9eba77de6d953f{\nmargin-top:40px;\nmargin-bottom:50px;\n}\n<\/style>\n<div id='av_section_3'  class='avia-section av-1ozl9-dc98891a6feff435bd9eba77de6d953f main_color avia-section-small avia-no-border-styling  avia-builder-el-11  el_after_av_section  avia-builder-el-last  avia-bg-style-scroll container_wrap fullsize'  ><div class='container av-section-cont-open' ><div class='template-page content  av-content-full alpha units'><div class='post-entry post-entry-type-page post-entry-485'><div class='entry-content-wrapper clearfix'>\n\n<style type=\"text\/css\" data-created_by=\"avia_inline_auto\" id=\"style-css-av-agc7p-63c077649db31dbfabdcbe9caed798ae\">\n.av_promobox.av-agc7p-63c077649db31dbfabdcbe9caed798ae{\ncolor:#ffffff;\nbackground:#e8e8e8;\nborder-color:#ffffff;\n}\n<\/style>\n<div  class='av_promobox av-agc7p-63c077649db31dbfabdcbe9caed798ae avia-button-yes  avia-builder-el-12  avia-builder-el-no-sibling '><div class='avia-promocontent'><p><strong>Suchen Sie nach Schulungen f\u00fcr andere Spezialthemen in der Fahrzeugtechnik, sprechen Sei uns ruhig an.<br \/>\nWir werden eine L\u00f6sung finden.<\/strong><\/p>\n<\/div><div  class='avia-button-wrap av-agc7p-dd142ad25f8c78ef4e7006e6d9fbe9cf-wrap avia-button-right ' >\n<style type=\"text\/css\" data-created_by=\"avia_inline_auto\" id=\"style-css-av-agc7p-dd142ad25f8c78ef4e7006e6d9fbe9cf\">\n#top #wrap_all .avia-button.av-agc7p-dd142ad25f8c78ef4e7006e6d9fbe9cf{\nbackground-color:#b02b2c;\nborder-color:#b02b2c;\ncolor:#ffffff;\n-webkit-transition:all 0.4s ease-in-out;\n-moz-transition:all 0.4s ease-in-out;\n-ms-transition:all 0.4s ease-in-out;\n-o-transition:all 0.4s ease-in-out;\ntransition:all 0.4s ease-in-out;\n}\n<\/style>\n<a href='https:\/\/stopdoc.de\/index.php\/kontakt-2\/'  class='avia-button av-agc7p-dd142ad25f8c78ef4e7006e6d9fbe9cf avia-icon_select-no avia-size-large avia-position-right' ><span class='avia_iconbox_title' >zum Kontaktformular<\/span><\/a><\/div><\/div>\n\n","protected":false},"excerpt":{"rendered":"","protected":false},"author":1,"featured_media":0,"parent":234,"menu_order":0,"comment_status":"closed","ping_status":"closed","template":"","meta":{"footnotes":""},"class_list":["post-485","page","type-page","status-publish","hentry"],"yoast_head":"<!-- This site is optimized with the Yoast SEO plugin v27.2 - https:\/\/yoast.com\/product\/yoast-seo-wordpress\/ -->\n<title>Bremssysteme - Stopdoc - Fachvortr\u00e4ge im Bereich Fahrzeugtechnik, Kfz-Elektronik, Management und Personalf\u00fchrung<\/title>\n<meta name=\"robots\" content=\"index, follow, max-snippet:-1, max-image-preview:large, max-video-preview:-1\" \/>\n<link rel=\"canonical\" href=\"https:\/\/stopdoc.de\/index.php\/angebote-2\/485-2\/\" \/>\n<meta property=\"og:locale\" content=\"de_DE\" \/>\n<meta property=\"og:type\" content=\"article\" \/>\n<meta property=\"og:title\" content=\"Bremssysteme - Stopdoc - Fachvortr\u00e4ge im Bereich Fahrzeugtechnik, Kfz-Elektronik, Management und Personalf\u00fchrung\" \/>\n<meta property=\"og:url\" content=\"https:\/\/stopdoc.de\/index.php\/angebote-2\/485-2\/\" \/>\n<meta property=\"og:site_name\" content=\"Stopdoc - Fachvortr\u00e4ge im Bereich Fahrzeugtechnik, Kfz-Elektronik, Management und Personalf\u00fchrung\" \/>\n<meta property=\"article:modified_time\" content=\"2023-07-21T06:53:07+00:00\" \/>\n<meta name=\"twitter:card\" content=\"summary_large_image\" \/>\n<meta name=\"twitter:label1\" content=\"Gesch\u00e4tzte Lesezeit\" \/>\n\t<meta name=\"twitter:data1\" content=\"13\u00a0Minuten\" \/>\n<script type=\"application\/ld+json\" class=\"yoast-schema-graph\">{\"@context\":\"https:\/\/schema.org\",\"@graph\":[{\"@type\":\"WebPage\",\"@id\":\"https:\/\/stopdoc.de\/index.php\/angebote-2\/485-2\/\",\"url\":\"https:\/\/stopdoc.de\/index.php\/angebote-2\/485-2\/\",\"name\":\"Bremssysteme - Stopdoc - Fachvortr\u00e4ge im Bereich Fahrzeugtechnik, Kfz-Elektronik, Management und Personalf\u00fchrung\",\"isPartOf\":{\"@id\":\"https:\/\/stopdoc.de\/#website\"},\"datePublished\":\"2023-06-10T09:15:33+00:00\",\"dateModified\":\"2023-07-21T06:53:07+00:00\",\"breadcrumb\":{\"@id\":\"https:\/\/stopdoc.de\/index.php\/angebote-2\/485-2\/#breadcrumb\"},\"inLanguage\":\"de\",\"potentialAction\":[{\"@type\":\"ReadAction\",\"target\":[\"https:\/\/stopdoc.de\/index.php\/angebote-2\/485-2\/\"]}]},{\"@type\":\"BreadcrumbList\",\"@id\":\"https:\/\/stopdoc.de\/index.php\/angebote-2\/485-2\/#breadcrumb\",\"itemListElement\":[{\"@type\":\"ListItem\",\"position\":1,\"name\":\"Startseite\",\"item\":\"https:\/\/stopdoc.de\/\"},{\"@type\":\"ListItem\",\"position\":2,\"name\":\"Angebote\",\"item\":\"https:\/\/stopdoc.de\/index.php\/angebote-2\/\"},{\"@type\":\"ListItem\",\"position\":3,\"name\":\"Bremssysteme\"}]},{\"@type\":\"WebSite\",\"@id\":\"https:\/\/stopdoc.de\/#website\",\"url\":\"https:\/\/stopdoc.de\/\",\"name\":\"Stopdoc - Fachvortr\u00e4ge im Bereich Fahrzeugtechnik, Kfz-Elektronik, Management und Personalf\u00fchrung\",\"description\":\"\",\"publisher\":{\"@id\":\"https:\/\/stopdoc.de\/#organization\"},\"potentialAction\":[{\"@type\":\"SearchAction\",\"target\":{\"@type\":\"EntryPoint\",\"urlTemplate\":\"https:\/\/stopdoc.de\/?s={search_term_string}\"},\"query-input\":{\"@type\":\"PropertyValueSpecification\",\"valueRequired\":true,\"valueName\":\"search_term_string\"}}],\"inLanguage\":\"de\"},{\"@type\":\"Organization\",\"@id\":\"https:\/\/stopdoc.de\/#organization\",\"name\":\"StopDoc Training GmbH\",\"url\":\"https:\/\/stopdoc.de\/\",\"logo\":{\"@type\":\"ImageObject\",\"inLanguage\":\"de\",\"@id\":\"https:\/\/stopdoc.de\/#\/schema\/logo\/image\/\",\"url\":\"https:\/\/stopdoc.de\/wp-content\/uploads\/2022\/07\/logo-small-web-schatten-v2.png\",\"contentUrl\":\"https:\/\/stopdoc.de\/wp-content\/uploads\/2022\/07\/logo-small-web-schatten-v2.png\",\"width\":336,\"height\":120,\"caption\":\"StopDoc Training GmbH\"},\"image\":{\"@id\":\"https:\/\/stopdoc.de\/#\/schema\/logo\/image\/\"}}]}<\/script>\n<!-- \/ Yoast SEO plugin. -->","yoast_head_json":{"title":"Bremssysteme - Stopdoc - Fachvortr\u00e4ge im Bereich Fahrzeugtechnik, Kfz-Elektronik, Management und Personalf\u00fchrung","robots":{"index":"index","follow":"follow","max-snippet":"max-snippet:-1","max-image-preview":"max-image-preview:large","max-video-preview":"max-video-preview:-1"},"canonical":"https:\/\/stopdoc.de\/index.php\/angebote-2\/485-2\/","og_locale":"de_DE","og_type":"article","og_title":"Bremssysteme - Stopdoc - Fachvortr\u00e4ge im Bereich Fahrzeugtechnik, Kfz-Elektronik, Management und Personalf\u00fchrung","og_url":"https:\/\/stopdoc.de\/index.php\/angebote-2\/485-2\/","og_site_name":"Stopdoc - Fachvortr\u00e4ge im Bereich Fahrzeugtechnik, Kfz-Elektronik, Management und Personalf\u00fchrung","article_modified_time":"2023-07-21T06:53:07+00:00","twitter_card":"summary_large_image","twitter_misc":{"Gesch\u00e4tzte Lesezeit":"13\u00a0Minuten"},"schema":{"@context":"https:\/\/schema.org","@graph":[{"@type":"WebPage","@id":"https:\/\/stopdoc.de\/index.php\/angebote-2\/485-2\/","url":"https:\/\/stopdoc.de\/index.php\/angebote-2\/485-2\/","name":"Bremssysteme - Stopdoc - Fachvortr\u00e4ge im Bereich Fahrzeugtechnik, Kfz-Elektronik, Management und Personalf\u00fchrung","isPartOf":{"@id":"https:\/\/stopdoc.de\/#website"},"datePublished":"2023-06-10T09:15:33+00:00","dateModified":"2023-07-21T06:53:07+00:00","breadcrumb":{"@id":"https:\/\/stopdoc.de\/index.php\/angebote-2\/485-2\/#breadcrumb"},"inLanguage":"de","potentialAction":[{"@type":"ReadAction","target":["https:\/\/stopdoc.de\/index.php\/angebote-2\/485-2\/"]}]},{"@type":"BreadcrumbList","@id":"https:\/\/stopdoc.de\/index.php\/angebote-2\/485-2\/#breadcrumb","itemListElement":[{"@type":"ListItem","position":1,"name":"Startseite","item":"https:\/\/stopdoc.de\/"},{"@type":"ListItem","position":2,"name":"Angebote","item":"https:\/\/stopdoc.de\/index.php\/angebote-2\/"},{"@type":"ListItem","position":3,"name":"Bremssysteme"}]},{"@type":"WebSite","@id":"https:\/\/stopdoc.de\/#website","url":"https:\/\/stopdoc.de\/","name":"Stopdoc - Fachvortr\u00e4ge im Bereich Fahrzeugtechnik, Kfz-Elektronik, Management und Personalf\u00fchrung","description":"","publisher":{"@id":"https:\/\/stopdoc.de\/#organization"},"potentialAction":[{"@type":"SearchAction","target":{"@type":"EntryPoint","urlTemplate":"https:\/\/stopdoc.de\/?s={search_term_string}"},"query-input":{"@type":"PropertyValueSpecification","valueRequired":true,"valueName":"search_term_string"}}],"inLanguage":"de"},{"@type":"Organization","@id":"https:\/\/stopdoc.de\/#organization","name":"StopDoc Training GmbH","url":"https:\/\/stopdoc.de\/","logo":{"@type":"ImageObject","inLanguage":"de","@id":"https:\/\/stopdoc.de\/#\/schema\/logo\/image\/","url":"https:\/\/stopdoc.de\/wp-content\/uploads\/2022\/07\/logo-small-web-schatten-v2.png","contentUrl":"https:\/\/stopdoc.de\/wp-content\/uploads\/2022\/07\/logo-small-web-schatten-v2.png","width":336,"height":120,"caption":"StopDoc Training GmbH"},"image":{"@id":"https:\/\/stopdoc.de\/#\/schema\/logo\/image\/"}}]}},"_links":{"self":[{"href":"https:\/\/stopdoc.de\/index.php\/wp-json\/wp\/v2\/pages\/485","targetHints":{"allow":["GET"]}}],"collection":[{"href":"https:\/\/stopdoc.de\/index.php\/wp-json\/wp\/v2\/pages"}],"about":[{"href":"https:\/\/stopdoc.de\/index.php\/wp-json\/wp\/v2\/types\/page"}],"author":[{"embeddable":true,"href":"https:\/\/stopdoc.de\/index.php\/wp-json\/wp\/v2\/users\/1"}],"replies":[{"embeddable":true,"href":"https:\/\/stopdoc.de\/index.php\/wp-json\/wp\/v2\/comments?post=485"}],"version-history":[{"count":4,"href":"https:\/\/stopdoc.de\/index.php\/wp-json\/wp\/v2\/pages\/485\/revisions"}],"predecessor-version":[{"id":571,"href":"https:\/\/stopdoc.de\/index.php\/wp-json\/wp\/v2\/pages\/485\/revisions\/571"}],"up":[{"embeddable":true,"href":"https:\/\/stopdoc.de\/index.php\/wp-json\/wp\/v2\/pages\/234"}],"wp:attachment":[{"href":"https:\/\/stopdoc.de\/index.php\/wp-json\/wp\/v2\/media?parent=485"}],"curies":[{"name":"wp","href":"https:\/\/api.w.org\/{rel}","templated":true}]}}