{"id":489,"date":"2023-06-10T11:20:36","date_gmt":"2023-06-10T09:20:36","guid":{"rendered":"https:\/\/new.stopdoc.de\/?page_id=489"},"modified":"2023-07-21T08:54:26","modified_gmt":"2023-07-21T06:54:26","slug":"489-2","status":"publish","type":"page","link":"https:\/\/stopdoc.de\/index.php\/angebote-2\/489-2\/","title":{"rendered":"Klassische Bordnetze"},"content":{"rendered":"<div id='layer_slider_1'  class='avia-layerslider main_color avia-shadow  avia-builder-el-0  el_before_av_one_full  avia-builder-el-first  container_wrap fullsize'  style='height: 11px;'  ><\/div><div id='after_layer_slider_1'  class='main_color av_default_container_wrap container_wrap fullsize'  ><div class='container av-section-cont-open' ><div class='template-page content  av-content-full alpha units'><div class='post-entry post-entry-type-page post-entry-489'><div class='entry-content-wrapper clearfix'>\n<div class='flex_column av-1lxeg9-6b92b156cbc28ffed407108e8138b2ff av_one_full  avia-builder-el-1  el_after_av_layerslider  el_before_av_section  avia-builder-el-no-sibling  first flex_column_div '     ><style type=\"text\/css\" data-created_by=\"avia_inline_auto\" id=\"style-css-av-lips91b2-e17c018cdcc40e8d4074ffcd1664d1d7\">\n#top .av-special-heading.av-lips91b2-e17c018cdcc40e8d4074ffcd1664d1d7{\npadding-bottom:10px;\n}\nbody .av-special-heading.av-lips91b2-e17c018cdcc40e8d4074ffcd1664d1d7 .av-special-heading-tag .heading-char{\nfont-size:25px;\n}\n.av-special-heading.av-lips91b2-e17c018cdcc40e8d4074ffcd1664d1d7 .av-subheading{\nfont-size:15px;\n}\n<\/style>\n<div  class='av-special-heading av-lips91b2-e17c018cdcc40e8d4074ffcd1664d1d7 av-special-heading-h1 blockquote modern-quote modern-centered  avia-builder-el-2  avia-builder-el-no-sibling '><h1 class='av-special-heading-tag'  itemprop=\"headline\"  >Klassische Bordnetze<\/h1><div class=\"special-heading-border\"><div class=\"special-heading-inner-border\"><\/div><\/div><\/div><\/div>\n<\/div><\/div><\/div><!-- close content main div --><\/div><\/div>\n<style type=\"text\/css\" data-created_by=\"avia_inline_auto\" id=\"style-css-av-1cn4i1-7f7a509321e5661be2352c2e8157c068\">\n.avia-section.av-1cn4i1-7f7a509321e5661be2352c2e8157c068{\nbackground-color:#fcfcfc;\nbackground-image:unset;\n}\n<\/style>\n<div id='av_section_1'  class='avia-section av-1cn4i1-7f7a509321e5661be2352c2e8157c068 main_color avia-section-default avia-no-border-styling  avia-builder-el-3  el_after_av_one_full  el_before_av_section  avia-bg-style-scroll container_wrap fullsize'  ><div class='container av-section-cont-open' ><div class='template-page content  av-content-full alpha units'><div class='post-entry post-entry-type-page post-entry-489'><div class='entry-content-wrapper clearfix'>\n<div class='flex_column av-1a9ywx-820bd58dcf5fb87a8c068b41e34eddd9 av_one_half  avia-builder-el-4  el_before_av_one_half  avia-builder-el-first  first flex_column_div '     ><style type=\"text\/css\" data-created_by=\"avia_inline_auto\" id=\"style-css-av-lipscxqr-3a25abda09aad27ff03241f5b28bf35e\">\n.avia-image-container.av-lipscxqr-3a25abda09aad27ff03241f5b28bf35e img.avia_image{\nbox-shadow:none;\n}\n.avia-image-container.av-lipscxqr-3a25abda09aad27ff03241f5b28bf35e .av-image-caption-overlay-center{\ncolor:#ffffff;\n}\n<\/style>\n<div  class='avia-image-container av-lipscxqr-3a25abda09aad27ff03241f5b28bf35e av-styling- avia-align-center  avia-builder-el-5  avia-builder-el-no-sibling '   itemprop=\"image\" itemscope=\"itemscope\" itemtype=\"https:\/\/schema.org\/ImageObject\" ><div class=\"avia-image-container-inner\"><div class=\"avia-image-overlay-wrap\"><img decoding=\"async\" class='wp-image-490 avia-img-lazy-loading-not-490 avia_image ' src=\"https:\/\/stopdoc.de\/wp-content\/uploads\/2023\/06\/bordnetze.jpg\" alt='bordnetze' title='bordnetze'  height=\"534\" width=\"800\"  itemprop=\"thumbnailUrl\" srcset=\"https:\/\/stopdoc.de\/wp-content\/uploads\/2023\/06\/bordnetze.jpg 800w, https:\/\/stopdoc.de\/wp-content\/uploads\/2023\/06\/bordnetze-300x200.jpg 300w, https:\/\/stopdoc.de\/wp-content\/uploads\/2023\/06\/bordnetze-768x513.jpg 768w, https:\/\/stopdoc.de\/wp-content\/uploads\/2023\/06\/bordnetze-705x471.jpg 705w\" sizes=\"(max-width: 800px) 100vw, 800px\" \/><\/div><\/div><\/div><\/div><div class='flex_column av-15f0ax-baad4567ab61bb72e4e72f79c6ac826b av_one_half  avia-builder-el-6  el_after_av_one_half  avia-builder-el-last  flex_column_div '     ><section  class='av_textblock_section av-lips9of0-d733324d0f4d9b0aac2cced9dc16c20c'  itemscope=\"itemscope\" itemtype=\"https:\/\/schema.org\/CreativeWork\" ><div class='avia_textblock'  itemprop=\"text\" ><p>Eine praktische Vor-Ortschulung in Rheinland-Pfalz an einem Mercedes SL. Fehlersuche, Diagnose und Messen im Fahrzeug. Detailschulung \u00fcber die Batterie, den Generator, die elektrischen Verbraucher und deren R\u00fcckwirkungen auf das Bordnetz. Netzwerkpl\u00e4ne lesen und verstehen.<\/p>\n<p>Das Gleichgewicht von Energieerzeugung und Verbrauch. Alte Anzeige- und Bedienkonzepte werden erkl\u00e4rt und k\u00f6nnen am realen Objekt kennengelernt werden.<\/p>\n<\/div><\/section><\/div>\n\n<\/div><\/div><\/div><!-- close content main div --><\/div><\/div><div id='av_section_2'  class='avia-section av-ci81-44bb2349dc5d462c24cb237d1f144bec main_color avia-section-default avia-no-border-styling  avia-builder-el-8  el_after_av_section  el_before_av_section  av-desktop-hide av-medium-hide av-small-hide av-mini-hide avia-bg-style-scroll container_wrap fullsize'  ><div class='container av-section-cont-open' ><div class='template-page content  av-content-full alpha units'><div class='post-entry post-entry-type-page post-entry-489'><div class='entry-content-wrapper clearfix'>\n\n<style type=\"text\/css\" data-created_by=\"avia_inline_auto\" id=\"style-css-av-tbrbl-7a259d4339f6e32baf3daeb47ba3d470\">\n#top .av-special-heading.av-tbrbl-7a259d4339f6e32baf3daeb47ba3d470{\npadding-bottom:10px;\n}\nbody .av-special-heading.av-tbrbl-7a259d4339f6e32baf3daeb47ba3d470 .av-special-heading-tag .heading-char{\nfont-size:25px;\n}\n.av-special-heading.av-tbrbl-7a259d4339f6e32baf3daeb47ba3d470 .av-subheading{\nfont-size:15px;\n}\n<\/style>\n<div  class='av-special-heading av-tbrbl-7a259d4339f6e32baf3daeb47ba3d470 av-special-heading-h2 blockquote modern-quote modern-centered  avia-builder-el-9  el_before_av_textblock  avia-builder-el-first '><h2 class='av-special-heading-tag'  itemprop=\"headline\"  >Inhalt &#8211; Ablauf der Schulung<\/h2><div class=\"special-heading-border\"><div class=\"special-heading-inner-border\"><\/div><\/div><\/div>\n<section  class='av_textblock_section av-irz95-1ba229363b1f5993b199f0d0766e572f'  itemscope=\"itemscope\" itemtype=\"https:\/\/schema.org\/CreativeWork\" ><div class='avia_textblock'  itemprop=\"text\" ><p><strong>Einleitung<\/strong><\/p>\n<ul>\n<li>01 Begr\u00fc\u00dfung, Referenten<\/li>\n<li>02 Pausenunterhaltung<\/li>\n<li>03 Witzige Pr\u00e4sentationen<\/li>\n<\/ul>\n<\/div><\/section>\n\n<\/div><\/div><\/div><!-- close content main div --><\/div><\/div>\n<style type=\"text\/css\" data-created_by=\"avia_inline_auto\" id=\"style-css-av-h4moh-25252ae76b75204c358ccb13120541c6\">\n.avia-section.av-h4moh-25252ae76b75204c358ccb13120541c6{\nmargin-top:40px;\nmargin-bottom:50px;\n}\n<\/style>\n<div id='av_section_3'  class='avia-section av-h4moh-25252ae76b75204c358ccb13120541c6 main_color avia-section-small avia-no-border-styling  avia-builder-el-11  el_after_av_section  avia-builder-el-last  avia-bg-style-scroll container_wrap fullsize'  ><div class='container av-section-cont-open' ><div class='template-page content  av-content-full alpha units'><div class='post-entry post-entry-type-page post-entry-489'><div class='entry-content-wrapper clearfix'>\n\n<style type=\"text\/css\" data-created_by=\"avia_inline_auto\" id=\"style-css-av-7ure1-f4d8a52f7e32b6a68d750383ca499621\">\n.av_promobox.av-7ure1-f4d8a52f7e32b6a68d750383ca499621{\ncolor:#ffffff;\nbackground:#e8e8e8;\nborder-color:#ffffff;\n}\n<\/style>\n<div  class='av_promobox av-7ure1-f4d8a52f7e32b6a68d750383ca499621 avia-button-yes  avia-builder-el-12  avia-builder-el-no-sibling '><div class='avia-promocontent'><p><strong>Suchen Sie nach Schulungen f\u00fcr andere Spezialthemen in der Fahrzeugtechnik, sprechen Sei uns ruhig an.<br \/>\nWir werden eine L\u00f6sung finden.<\/strong><\/p>\n<\/div><div  class='avia-button-wrap av-7ure1-b59042c7f81e6502d9ef1c64b3345112-wrap avia-button-right ' >\n<style type=\"text\/css\" data-created_by=\"avia_inline_auto\" id=\"style-css-av-7ure1-b59042c7f81e6502d9ef1c64b3345112\">\n#top #wrap_all .avia-button.av-7ure1-b59042c7f81e6502d9ef1c64b3345112{\nbackground-color:#b02b2c;\nborder-color:#b02b2c;\ncolor:#ffffff;\n-webkit-transition:all 0.4s ease-in-out;\n-moz-transition:all 0.4s ease-in-out;\n-ms-transition:all 0.4s ease-in-out;\n-o-transition:all 0.4s ease-in-out;\ntransition:all 0.4s ease-in-out;\n}\n<\/style>\n<a href='https:\/\/stopdoc.de\/index.php\/kontakt-2\/'  class='avia-button av-7ure1-b59042c7f81e6502d9ef1c64b3345112 avia-icon_select-no avia-size-large avia-position-right' ><span class='avia_iconbox_title' >zum Kontaktformular<\/span><\/a><\/div><\/div>\n\n","protected":false},"excerpt":{"rendered":"","protected":false},"author":1,"featured_media":0,"parent":234,"menu_order":0,"comment_status":"closed","ping_status":"closed","template":"","meta":{"footnotes":""},"class_list":["post-489","page","type-page","status-publish","hentry"],"yoast_head":"<!-- This site is optimized with the Yoast SEO plugin v27.2 - https:\/\/yoast.com\/product\/yoast-seo-wordpress\/ -->\n<title>Klassische Bordnetze - Stopdoc - Fachvortr\u00e4ge im Bereich Fahrzeugtechnik, Kfz-Elektronik, Management und Personalf\u00fchrung<\/title>\n<meta name=\"robots\" content=\"index, follow, max-snippet:-1, max-image-preview:large, max-video-preview:-1\" \/>\n<link rel=\"canonical\" href=\"https:\/\/stopdoc.de\/index.php\/angebote-2\/489-2\/\" \/>\n<meta property=\"og:locale\" content=\"de_DE\" \/>\n<meta property=\"og:type\" content=\"article\" \/>\n<meta property=\"og:title\" content=\"Klassische Bordnetze - Stopdoc - Fachvortr\u00e4ge im Bereich Fahrzeugtechnik, Kfz-Elektronik, Management und Personalf\u00fchrung\" \/>\n<meta property=\"og:url\" content=\"https:\/\/stopdoc.de\/index.php\/angebote-2\/489-2\/\" \/>\n<meta property=\"og:site_name\" content=\"Stopdoc - Fachvortr\u00e4ge im Bereich Fahrzeugtechnik, Kfz-Elektronik, Management und Personalf\u00fchrung\" \/>\n<meta property=\"article:modified_time\" content=\"2023-07-21T06:54:26+00:00\" \/>\n<meta name=\"twitter:card\" content=\"summary_large_image\" \/>\n<meta name=\"twitter:label1\" content=\"Gesch\u00e4tzte Lesezeit\" \/>\n\t<meta name=\"twitter:data1\" content=\"13\u00a0Minuten\" \/>\n<script type=\"application\/ld+json\" class=\"yoast-schema-graph\">{\"@context\":\"https:\/\/schema.org\",\"@graph\":[{\"@type\":\"WebPage\",\"@id\":\"https:\/\/stopdoc.de\/index.php\/angebote-2\/489-2\/\",\"url\":\"https:\/\/stopdoc.de\/index.php\/angebote-2\/489-2\/\",\"name\":\"Klassische Bordnetze - Stopdoc - Fachvortr\u00e4ge im Bereich Fahrzeugtechnik, Kfz-Elektronik, Management und Personalf\u00fchrung\",\"isPartOf\":{\"@id\":\"https:\/\/stopdoc.de\/#website\"},\"datePublished\":\"2023-06-10T09:20:36+00:00\",\"dateModified\":\"2023-07-21T06:54:26+00:00\",\"breadcrumb\":{\"@id\":\"https:\/\/stopdoc.de\/index.php\/angebote-2\/489-2\/#breadcrumb\"},\"inLanguage\":\"de\",\"potentialAction\":[{\"@type\":\"ReadAction\",\"target\":[\"https:\/\/stopdoc.de\/index.php\/angebote-2\/489-2\/\"]}]},{\"@type\":\"BreadcrumbList\",\"@id\":\"https:\/\/stopdoc.de\/index.php\/angebote-2\/489-2\/#breadcrumb\",\"itemListElement\":[{\"@type\":\"ListItem\",\"position\":1,\"name\":\"Startseite\",\"item\":\"https:\/\/stopdoc.de\/\"},{\"@type\":\"ListItem\",\"position\":2,\"name\":\"Angebote\",\"item\":\"https:\/\/stopdoc.de\/index.php\/angebote-2\/\"},{\"@type\":\"ListItem\",\"position\":3,\"name\":\"Klassische Bordnetze\"}]},{\"@type\":\"WebSite\",\"@id\":\"https:\/\/stopdoc.de\/#website\",\"url\":\"https:\/\/stopdoc.de\/\",\"name\":\"Stopdoc - Fachvortr\u00e4ge im Bereich Fahrzeugtechnik, Kfz-Elektronik, Management und Personalf\u00fchrung\",\"description\":\"\",\"publisher\":{\"@id\":\"https:\/\/stopdoc.de\/#organization\"},\"potentialAction\":[{\"@type\":\"SearchAction\",\"target\":{\"@type\":\"EntryPoint\",\"urlTemplate\":\"https:\/\/stopdoc.de\/?s={search_term_string}\"},\"query-input\":{\"@type\":\"PropertyValueSpecification\",\"valueRequired\":true,\"valueName\":\"search_term_string\"}}],\"inLanguage\":\"de\"},{\"@type\":\"Organization\",\"@id\":\"https:\/\/stopdoc.de\/#organization\",\"name\":\"StopDoc Training GmbH\",\"url\":\"https:\/\/stopdoc.de\/\",\"logo\":{\"@type\":\"ImageObject\",\"inLanguage\":\"de\",\"@id\":\"https:\/\/stopdoc.de\/#\/schema\/logo\/image\/\",\"url\":\"https:\/\/stopdoc.de\/wp-content\/uploads\/2022\/07\/logo-small-web-schatten-v2.png\",\"contentUrl\":\"https:\/\/stopdoc.de\/wp-content\/uploads\/2022\/07\/logo-small-web-schatten-v2.png\",\"width\":336,\"height\":120,\"caption\":\"StopDoc Training GmbH\"},\"image\":{\"@id\":\"https:\/\/stopdoc.de\/#\/schema\/logo\/image\/\"}}]}<\/script>\n<!-- \/ Yoast SEO plugin. -->","yoast_head_json":{"title":"Klassische Bordnetze - Stopdoc - Fachvortr\u00e4ge im Bereich Fahrzeugtechnik, Kfz-Elektronik, Management und Personalf\u00fchrung","robots":{"index":"index","follow":"follow","max-snippet":"max-snippet:-1","max-image-preview":"max-image-preview:large","max-video-preview":"max-video-preview:-1"},"canonical":"https:\/\/stopdoc.de\/index.php\/angebote-2\/489-2\/","og_locale":"de_DE","og_type":"article","og_title":"Klassische Bordnetze - Stopdoc - Fachvortr\u00e4ge im Bereich Fahrzeugtechnik, Kfz-Elektronik, Management und Personalf\u00fchrung","og_url":"https:\/\/stopdoc.de\/index.php\/angebote-2\/489-2\/","og_site_name":"Stopdoc - Fachvortr\u00e4ge im Bereich Fahrzeugtechnik, Kfz-Elektronik, Management und Personalf\u00fchrung","article_modified_time":"2023-07-21T06:54:26+00:00","twitter_card":"summary_large_image","twitter_misc":{"Gesch\u00e4tzte Lesezeit":"13\u00a0Minuten"},"schema":{"@context":"https:\/\/schema.org","@graph":[{"@type":"WebPage","@id":"https:\/\/stopdoc.de\/index.php\/angebote-2\/489-2\/","url":"https:\/\/stopdoc.de\/index.php\/angebote-2\/489-2\/","name":"Klassische Bordnetze - Stopdoc - Fachvortr\u00e4ge im Bereich Fahrzeugtechnik, Kfz-Elektronik, Management und Personalf\u00fchrung","isPartOf":{"@id":"https:\/\/stopdoc.de\/#website"},"datePublished":"2023-06-10T09:20:36+00:00","dateModified":"2023-07-21T06:54:26+00:00","breadcrumb":{"@id":"https:\/\/stopdoc.de\/index.php\/angebote-2\/489-2\/#breadcrumb"},"inLanguage":"de","potentialAction":[{"@type":"ReadAction","target":["https:\/\/stopdoc.de\/index.php\/angebote-2\/489-2\/"]}]},{"@type":"BreadcrumbList","@id":"https:\/\/stopdoc.de\/index.php\/angebote-2\/489-2\/#breadcrumb","itemListElement":[{"@type":"ListItem","position":1,"name":"Startseite","item":"https:\/\/stopdoc.de\/"},{"@type":"ListItem","position":2,"name":"Angebote","item":"https:\/\/stopdoc.de\/index.php\/angebote-2\/"},{"@type":"ListItem","position":3,"name":"Klassische Bordnetze"}]},{"@type":"WebSite","@id":"https:\/\/stopdoc.de\/#website","url":"https:\/\/stopdoc.de\/","name":"Stopdoc - Fachvortr\u00e4ge im Bereich Fahrzeugtechnik, Kfz-Elektronik, Management und Personalf\u00fchrung","description":"","publisher":{"@id":"https:\/\/stopdoc.de\/#organization"},"potentialAction":[{"@type":"SearchAction","target":{"@type":"EntryPoint","urlTemplate":"https:\/\/stopdoc.de\/?s={search_term_string}"},"query-input":{"@type":"PropertyValueSpecification","valueRequired":true,"valueName":"search_term_string"}}],"inLanguage":"de"},{"@type":"Organization","@id":"https:\/\/stopdoc.de\/#organization","name":"StopDoc Training GmbH","url":"https:\/\/stopdoc.de\/","logo":{"@type":"ImageObject","inLanguage":"de","@id":"https:\/\/stopdoc.de\/#\/schema\/logo\/image\/","url":"https:\/\/stopdoc.de\/wp-content\/uploads\/2022\/07\/logo-small-web-schatten-v2.png","contentUrl":"https:\/\/stopdoc.de\/wp-content\/uploads\/2022\/07\/logo-small-web-schatten-v2.png","width":336,"height":120,"caption":"StopDoc Training GmbH"},"image":{"@id":"https:\/\/stopdoc.de\/#\/schema\/logo\/image\/"}}]}},"_links":{"self":[{"href":"https:\/\/stopdoc.de\/index.php\/wp-json\/wp\/v2\/pages\/489","targetHints":{"allow":["GET"]}}],"collection":[{"href":"https:\/\/stopdoc.de\/index.php\/wp-json\/wp\/v2\/pages"}],"about":[{"href":"https:\/\/stopdoc.de\/index.php\/wp-json\/wp\/v2\/types\/page"}],"author":[{"embeddable":true,"href":"https:\/\/stopdoc.de\/index.php\/wp-json\/wp\/v2\/users\/1"}],"replies":[{"embeddable":true,"href":"https:\/\/stopdoc.de\/index.php\/wp-json\/wp\/v2\/comments?post=489"}],"version-history":[{"count":4,"href":"https:\/\/stopdoc.de\/index.php\/wp-json\/wp\/v2\/pages\/489\/revisions"}],"predecessor-version":[{"id":574,"href":"https:\/\/stopdoc.de\/index.php\/wp-json\/wp\/v2\/pages\/489\/revisions\/574"}],"up":[{"embeddable":true,"href":"https:\/\/stopdoc.de\/index.php\/wp-json\/wp\/v2\/pages\/234"}],"wp:attachment":[{"href":"https:\/\/stopdoc.de\/index.php\/wp-json\/wp\/v2\/media?parent=489"}],"curies":[{"name":"wp","href":"https:\/\/api.w.org\/{rel}","templated":true}]}}