{"id":541,"date":"2023-07-11T11:23:09","date_gmt":"2023-07-11T09:23:09","guid":{"rendered":"https:\/\/new.stopdoc.de\/?page_id=541"},"modified":"2023-07-24T09:57:54","modified_gmt":"2023-07-24T07:57:54","slug":"541-2","status":"publish","type":"page","link":"https:\/\/stopdoc.de\/index.php\/en\/angebote\/541-2\/","title":{"rendered":"Alternative drive systems"},"content":{"rendered":"<div id='layer_slider_1'  class='avia-layerslider main_color avia-shadow  avia-builder-el-0  el_before_av_one_full  avia-builder-el-first  container_wrap fullsize'  style='height: 11px;'  ><\/div><div id='after_layer_slider_1'  class='main_color av_default_container_wrap container_wrap fullsize'  ><div class='container av-section-cont-open' ><div class='template-page content  av-content-full alpha units'><div class='post-entry post-entry-type-page post-entry-541'><div class='entry-content-wrapper clearfix'>\n<div class='flex_column av-1d52dh-8a93e08d7718ea26a9e74b49c98df117 av_one_full  avia-builder-el-1  el_after_av_layerslider  el_before_av_section  avia-builder-el-no-sibling  first flex_column_div '     ><style type=\"text\/css\" data-created_by=\"avia_inline_auto\" id=\"style-css-av-ljy30a8k-d3ab2e1b0edd2eee9256497ba5a681eb\">\n#top .av-special-heading.av-ljy30a8k-d3ab2e1b0edd2eee9256497ba5a681eb{\npadding-bottom:10px;\n}\nbody .av-special-heading.av-ljy30a8k-d3ab2e1b0edd2eee9256497ba5a681eb .av-special-heading-tag .heading-char{\nfont-size:25px;\n}\n.av-special-heading.av-ljy30a8k-d3ab2e1b0edd2eee9256497ba5a681eb .av-subheading{\nfont-size:15px;\n}\n<\/style>\n<div  class='av-special-heading av-ljy30a8k-d3ab2e1b0edd2eee9256497ba5a681eb av-special-heading-h1 blockquote modern-quote modern-centered  avia-builder-el-2  avia-builder-el-no-sibling '><h1 class='av-special-heading-tag'  itemprop=\"headline\"  >E-mobility<\/h1><div class=\"special-heading-border\"><div class=\"special-heading-inner-border\"><\/div><\/div><\/div><\/div>\n<\/div><\/div><\/div><!-- close content main div --><\/div><\/div>\n<style type=\"text\/css\" data-created_by=\"avia_inline_auto\" id=\"style-css-av-175c65-f52068deac56de1561416d18cc5458e3\">\n.avia-section.av-175c65-f52068deac56de1561416d18cc5458e3{\nbackground-color:#fcfcfc;\nbackground-image:unset;\n}\n<\/style>\n<div id='av_section_1'  class='avia-section av-175c65-f52068deac56de1561416d18cc5458e3 main_color avia-section-default avia-no-border-styling  avia-builder-el-3  el_after_av_one_full  el_before_av_section  avia-bg-style-scroll container_wrap fullsize'  ><div class='container av-section-cont-open' ><div class='template-page content  av-content-full alpha units'><div class='post-entry post-entry-type-page post-entry-541'><div class='entry-content-wrapper clearfix'>\n<div class='flex_column av-10jom5-6ee346152e1dd25432eee723bd265080 av_one_half  avia-builder-el-4  el_before_av_one_half  avia-builder-el-first  first flex_column_div '     ><style type=\"text\/css\" data-created_by=\"avia_inline_auto\" id=\"style-css-av-xujp9-387ab878aa1a8b35b0d73c930c40d2ea\">\n.avia-image-container.av-xujp9-387ab878aa1a8b35b0d73c930c40d2ea img.avia_image{\nbox-shadow:none;\n}\n.avia-image-container.av-xujp9-387ab878aa1a8b35b0d73c930c40d2ea .av-image-caption-overlay-center{\ncolor:#ffffff;\n}\n<\/style>\n<div  class='avia-image-container av-xujp9-387ab878aa1a8b35b0d73c930c40d2ea av-styling- avia-align-center  avia-builder-el-5  avia-builder-el-no-sibling '   itemprop=\"image\" itemscope=\"itemscope\" itemtype=\"https:\/\/schema.org\/ImageObject\" ><div class=\"avia-image-container-inner\"><div class=\"avia-image-overlay-wrap\"><img decoding=\"async\" class='wp-image-281 avia-img-lazy-loading-not-281 avia_image ' src=\"https:\/\/stopdoc.de\/wp-content\/uploads\/2022\/07\/aufmacher-emobilitaet.jpg\" alt='E-Mobilit\u00e4t' title='aufmacher-emobilit\u00e4t'  height=\"534\" width=\"800\"  itemprop=\"thumbnailUrl\" srcset=\"https:\/\/stopdoc.de\/wp-content\/uploads\/2022\/07\/aufmacher-emobilitaet.jpg 800w, https:\/\/stopdoc.de\/wp-content\/uploads\/2022\/07\/aufmacher-emobilitaet-300x200.jpg 300w, https:\/\/stopdoc.de\/wp-content\/uploads\/2022\/07\/aufmacher-emobilitaet-768x513.jpg 768w, https:\/\/stopdoc.de\/wp-content\/uploads\/2022\/07\/aufmacher-emobilitaet-705x471.jpg 705w\" sizes=\"(max-width: 800px) 100vw, 800px\" \/><\/div><\/div><\/div><\/div><div class='flex_column av-rmcpp-2a8b5d1809ea596cac6ae1f8e4a7acb3 av_one_half  avia-builder-el-6  el_after_av_one_half  avia-builder-el-last  flex_column_div '     ><section  class='av_textblock_section av-ljy32bgw-bc2d54f2aaee4cea7a88d8be1e6660e4'  itemscope=\"itemscope\" itemtype=\"https:\/\/schema.org\/CreativeWork\" ><div class='avia_textblock'  itemprop=\"text\" ><p><span style=\"color: #000000;\"><span lang=\"en-US\">E-mobility is considered to be climate and environmentally friendly, resource-saving and efficient and is therefore seen as the future of drive technology in vehicles.<\/span><\/span><\/p>\n<p><span style=\"color: #000000;\"><span lang=\"en-US\">In this training we look at the history of e-mobility, the legislative and political requirements, the physical \/ technical background and of course the opinion of the customers.<\/span><\/span><\/p>\n<p><span style=\"color: #000000;\"><span lang=\"en-US\">Pure electric and hybrid vehicles are covered. We differentiate between the different designs and take a closer look at the individual technical subsystems such as hybrid combustion engines, hybrid transmissions, electric motors, batteries and the necessary E\/E components, e.g. the charging components. Furthermore, we discuss the resource situation and the future prospects of e-mobility worldwide.<\/span><\/span><\/p>\n<\/div><\/section><\/div>\n\n<\/div><\/div><\/div><!-- close content main div --><\/div><\/div>\n<style type=\"text\/css\" data-created_by=\"avia_inline_auto\" id=\"style-css-av-9ghd1-6b472f7c1b271b416dc55764de42cb68\">\n.avia-section.av-9ghd1-6b472f7c1b271b416dc55764de42cb68{\nmargin-top:40px;\nmargin-bottom:50px;\n}\n<\/style>\n<div id='av_section_2'  class='avia-section av-9ghd1-6b472f7c1b271b416dc55764de42cb68 main_color avia-section-small avia-no-border-styling  avia-builder-el-8  el_after_av_section  avia-builder-el-last  avia-bg-style-scroll container_wrap fullsize'  ><div class='container av-section-cont-open' ><div class='template-page content  av-content-full alpha units'><div class='post-entry post-entry-type-page post-entry-541'><div class='entry-content-wrapper clearfix'>\n\n<style type=\"text\/css\" data-created_by=\"avia_inline_auto\" id=\"style-css-av-ljy33cda-8d62b5b0049a26c4447d0c2ccd521182\">\n.av_promobox.av-ljy33cda-8d62b5b0049a26c4447d0c2ccd521182{\ncolor:#ffffff;\nbackground:#e8e8e8;\nborder-color:#ffffff;\n}\n<\/style>\n<div  class='av_promobox av-ljy33cda-8d62b5b0049a26c4447d0c2ccd521182 avia-button-yes  avia-builder-el-9  avia-builder-el-no-sibling '><div class='avia-promocontent'><p><strong>If you are looking for training courses for other special topics in vehicle technology, feel free to contact us. We will find a solution.<\/strong><\/p>\n<\/div><div  class='avia-button-wrap av-ljy33cda-31f2ebc2471af30628edae0924cab962-wrap avia-button-right ' >\n<style type=\"text\/css\" data-created_by=\"avia_inline_auto\" id=\"style-css-av-ljy33cda-31f2ebc2471af30628edae0924cab962\">\n#top #wrap_all .avia-button.av-ljy33cda-31f2ebc2471af30628edae0924cab962{\nbackground-color:#b02b2c;\nborder-color:#b02b2c;\ncolor:#ffffff;\n-webkit-transition:all 0.4s ease-in-out;\n-moz-transition:all 0.4s ease-in-out;\n-ms-transition:all 0.4s ease-in-out;\n-o-transition:all 0.4s ease-in-out;\ntransition:all 0.4s ease-in-out;\n}\n<\/style>\n<a href='https:\/\/stopdoc.de\/index.php\/en\/kontakt\/'  class='avia-button av-ljy33cda-31f2ebc2471af30628edae0924cab962 avia-icon_select-no avia-size-large avia-position-right' ><span class='avia_iconbox_title' >contact<\/span><\/a><\/div><\/div>\n\n","protected":false},"excerpt":{"rendered":"","protected":false},"author":1,"featured_media":0,"parent":232,"menu_order":0,"comment_status":"closed","ping_status":"closed","template":"","meta":{"footnotes":""},"class_list":["post-541","page","type-page","status-publish","hentry"],"yoast_head":"<!-- This site is optimized with the Yoast SEO plugin v27.2 - https:\/\/yoast.com\/product\/yoast-seo-wordpress\/ -->\n<title>Alternative drive systems - Stopdoc - Fachvortr\u00e4ge im Bereich Fahrzeugtechnik, Kfz-Elektronik, Management und Personalf\u00fchrung<\/title>\n<meta name=\"robots\" content=\"index, follow, max-snippet:-1, max-image-preview:large, max-video-preview:-1\" \/>\n<link rel=\"canonical\" href=\"https:\/\/stopdoc.de\/index.php\/en\/angebote\/541-2\/\" \/>\n<meta property=\"og:locale\" content=\"de_DE\" \/>\n<meta property=\"og:type\" content=\"article\" \/>\n<meta property=\"og:title\" content=\"Alternative drive systems - Stopdoc - Fachvortr\u00e4ge im Bereich Fahrzeugtechnik, Kfz-Elektronik, Management und Personalf\u00fchrung\" \/>\n<meta property=\"og:url\" content=\"https:\/\/stopdoc.de\/index.php\/en\/angebote\/541-2\/\" \/>\n<meta property=\"og:site_name\" content=\"Stopdoc - Fachvortr\u00e4ge im Bereich Fahrzeugtechnik, Kfz-Elektronik, Management und Personalf\u00fchrung\" \/>\n<meta property=\"article:modified_time\" content=\"2023-07-24T07:57:54+00:00\" \/>\n<meta name=\"twitter:card\" content=\"summary_large_image\" \/>\n<meta name=\"twitter:label1\" content=\"Gesch\u00e4tzte Lesezeit\" \/>\n\t<meta name=\"twitter:data1\" content=\"11\u00a0Minuten\" \/>\n<script type=\"application\/ld+json\" class=\"yoast-schema-graph\">{\"@context\":\"https:\/\/schema.org\",\"@graph\":[{\"@type\":\"WebPage\",\"@id\":\"https:\/\/stopdoc.de\/index.php\/en\/angebote\/541-2\/\",\"url\":\"https:\/\/stopdoc.de\/index.php\/en\/angebote\/541-2\/\",\"name\":\"Alternative drive systems - Stopdoc - Fachvortr\u00e4ge im Bereich Fahrzeugtechnik, Kfz-Elektronik, Management und Personalf\u00fchrung\",\"isPartOf\":{\"@id\":\"https:\/\/stopdoc.de\/#website\"},\"datePublished\":\"2023-07-11T09:23:09+00:00\",\"dateModified\":\"2023-07-24T07:57:54+00:00\",\"breadcrumb\":{\"@id\":\"https:\/\/stopdoc.de\/index.php\/en\/angebote\/541-2\/#breadcrumb\"},\"inLanguage\":\"de\",\"potentialAction\":[{\"@type\":\"ReadAction\",\"target\":[\"https:\/\/stopdoc.de\/index.php\/en\/angebote\/541-2\/\"]}]},{\"@type\":\"BreadcrumbList\",\"@id\":\"https:\/\/stopdoc.de\/index.php\/en\/angebote\/541-2\/#breadcrumb\",\"itemListElement\":[{\"@type\":\"ListItem\",\"position\":1,\"name\":\"Startseite\",\"item\":\"https:\/\/stopdoc.de\/\"},{\"@type\":\"ListItem\",\"position\":2,\"name\":\"Offer\",\"item\":\"https:\/\/stopdoc.de\/index.php\/en\/angebote\/\"},{\"@type\":\"ListItem\",\"position\":3,\"name\":\"Alternative drive systems\"}]},{\"@type\":\"WebSite\",\"@id\":\"https:\/\/stopdoc.de\/#website\",\"url\":\"https:\/\/stopdoc.de\/\",\"name\":\"Stopdoc - Fachvortr\u00e4ge im Bereich Fahrzeugtechnik, Kfz-Elektronik, Management und Personalf\u00fchrung\",\"description\":\"\",\"publisher\":{\"@id\":\"https:\/\/stopdoc.de\/#organization\"},\"potentialAction\":[{\"@type\":\"SearchAction\",\"target\":{\"@type\":\"EntryPoint\",\"urlTemplate\":\"https:\/\/stopdoc.de\/?s={search_term_string}\"},\"query-input\":{\"@type\":\"PropertyValueSpecification\",\"valueRequired\":true,\"valueName\":\"search_term_string\"}}],\"inLanguage\":\"de\"},{\"@type\":\"Organization\",\"@id\":\"https:\/\/stopdoc.de\/#organization\",\"name\":\"StopDoc Training GmbH\",\"url\":\"https:\/\/stopdoc.de\/\",\"logo\":{\"@type\":\"ImageObject\",\"inLanguage\":\"de\",\"@id\":\"https:\/\/stopdoc.de\/#\/schema\/logo\/image\/\",\"url\":\"https:\/\/stopdoc.de\/wp-content\/uploads\/2022\/07\/logo-small-web-schatten-v2.png\",\"contentUrl\":\"https:\/\/stopdoc.de\/wp-content\/uploads\/2022\/07\/logo-small-web-schatten-v2.png\",\"width\":336,\"height\":120,\"caption\":\"StopDoc Training GmbH\"},\"image\":{\"@id\":\"https:\/\/stopdoc.de\/#\/schema\/logo\/image\/\"}}]}<\/script>\n<!-- \/ Yoast SEO plugin. -->","yoast_head_json":{"title":"Alternative drive systems - Stopdoc - Fachvortr\u00e4ge im Bereich Fahrzeugtechnik, Kfz-Elektronik, Management und Personalf\u00fchrung","robots":{"index":"index","follow":"follow","max-snippet":"max-snippet:-1","max-image-preview":"max-image-preview:large","max-video-preview":"max-video-preview:-1"},"canonical":"https:\/\/stopdoc.de\/index.php\/en\/angebote\/541-2\/","og_locale":"de_DE","og_type":"article","og_title":"Alternative drive systems - Stopdoc - Fachvortr\u00e4ge im Bereich Fahrzeugtechnik, Kfz-Elektronik, Management und Personalf\u00fchrung","og_url":"https:\/\/stopdoc.de\/index.php\/en\/angebote\/541-2\/","og_site_name":"Stopdoc - Fachvortr\u00e4ge im Bereich Fahrzeugtechnik, Kfz-Elektronik, Management und Personalf\u00fchrung","article_modified_time":"2023-07-24T07:57:54+00:00","twitter_card":"summary_large_image","twitter_misc":{"Gesch\u00e4tzte Lesezeit":"11\u00a0Minuten"},"schema":{"@context":"https:\/\/schema.org","@graph":[{"@type":"WebPage","@id":"https:\/\/stopdoc.de\/index.php\/en\/angebote\/541-2\/","url":"https:\/\/stopdoc.de\/index.php\/en\/angebote\/541-2\/","name":"Alternative drive systems - Stopdoc - Fachvortr\u00e4ge im Bereich Fahrzeugtechnik, Kfz-Elektronik, Management und Personalf\u00fchrung","isPartOf":{"@id":"https:\/\/stopdoc.de\/#website"},"datePublished":"2023-07-11T09:23:09+00:00","dateModified":"2023-07-24T07:57:54+00:00","breadcrumb":{"@id":"https:\/\/stopdoc.de\/index.php\/en\/angebote\/541-2\/#breadcrumb"},"inLanguage":"de","potentialAction":[{"@type":"ReadAction","target":["https:\/\/stopdoc.de\/index.php\/en\/angebote\/541-2\/"]}]},{"@type":"BreadcrumbList","@id":"https:\/\/stopdoc.de\/index.php\/en\/angebote\/541-2\/#breadcrumb","itemListElement":[{"@type":"ListItem","position":1,"name":"Startseite","item":"https:\/\/stopdoc.de\/"},{"@type":"ListItem","position":2,"name":"Offer","item":"https:\/\/stopdoc.de\/index.php\/en\/angebote\/"},{"@type":"ListItem","position":3,"name":"Alternative drive systems"}]},{"@type":"WebSite","@id":"https:\/\/stopdoc.de\/#website","url":"https:\/\/stopdoc.de\/","name":"Stopdoc - Fachvortr\u00e4ge im Bereich Fahrzeugtechnik, Kfz-Elektronik, Management und Personalf\u00fchrung","description":"","publisher":{"@id":"https:\/\/stopdoc.de\/#organization"},"potentialAction":[{"@type":"SearchAction","target":{"@type":"EntryPoint","urlTemplate":"https:\/\/stopdoc.de\/?s={search_term_string}"},"query-input":{"@type":"PropertyValueSpecification","valueRequired":true,"valueName":"search_term_string"}}],"inLanguage":"de"},{"@type":"Organization","@id":"https:\/\/stopdoc.de\/#organization","name":"StopDoc Training GmbH","url":"https:\/\/stopdoc.de\/","logo":{"@type":"ImageObject","inLanguage":"de","@id":"https:\/\/stopdoc.de\/#\/schema\/logo\/image\/","url":"https:\/\/stopdoc.de\/wp-content\/uploads\/2022\/07\/logo-small-web-schatten-v2.png","contentUrl":"https:\/\/stopdoc.de\/wp-content\/uploads\/2022\/07\/logo-small-web-schatten-v2.png","width":336,"height":120,"caption":"StopDoc Training GmbH"},"image":{"@id":"https:\/\/stopdoc.de\/#\/schema\/logo\/image\/"}}]}},"_links":{"self":[{"href":"https:\/\/stopdoc.de\/index.php\/wp-json\/wp\/v2\/pages\/541","targetHints":{"allow":["GET"]}}],"collection":[{"href":"https:\/\/stopdoc.de\/index.php\/wp-json\/wp\/v2\/pages"}],"about":[{"href":"https:\/\/stopdoc.de\/index.php\/wp-json\/wp\/v2\/types\/page"}],"author":[{"embeddable":true,"href":"https:\/\/stopdoc.de\/index.php\/wp-json\/wp\/v2\/users\/1"}],"replies":[{"embeddable":true,"href":"https:\/\/stopdoc.de\/index.php\/wp-json\/wp\/v2\/comments?post=541"}],"version-history":[{"count":4,"href":"https:\/\/stopdoc.de\/index.php\/wp-json\/wp\/v2\/pages\/541\/revisions"}],"predecessor-version":[{"id":583,"href":"https:\/\/stopdoc.de\/index.php\/wp-json\/wp\/v2\/pages\/541\/revisions\/583"}],"up":[{"embeddable":true,"href":"https:\/\/stopdoc.de\/index.php\/wp-json\/wp\/v2\/pages\/232"}],"wp:attachment":[{"href":"https:\/\/stopdoc.de\/index.php\/wp-json\/wp\/v2\/media?parent=541"}],"curies":[{"name":"wp","href":"https:\/\/api.w.org\/{rel}","templated":true}]}}