{"id":544,"date":"2023-07-11T11:24:39","date_gmt":"2023-07-11T09:24:39","guid":{"rendered":"https:\/\/new.stopdoc.de\/?page_id=544"},"modified":"2023-07-21T08:55:33","modified_gmt":"2023-07-21T06:55:33","slug":"544-2","status":"publish","type":"page","link":"https:\/\/stopdoc.de\/index.php\/en\/angebote\/544-2\/","title":{"rendered":"Autonomous driving"},"content":{"rendered":"<div id='layer_slider_1'  class='avia-layerslider main_color avia-shadow  avia-builder-el-0  el_before_av_one_full  avia-builder-el-first  container_wrap fullsize'  style='height: 11px;'  ><\/div><div id='after_layer_slider_1'  class='main_color av_default_container_wrap container_wrap fullsize'  ><div class='container av-section-cont-open' ><div class='template-page content  av-content-full alpha units'><div class='post-entry post-entry-type-page post-entry-544'><div class='entry-content-wrapper clearfix'>\n<div class='flex_column av-1rgk8w-d951751470cf8eab35e25842b7873a74 av_one_full  avia-builder-el-1  el_after_av_layerslider  el_before_av_section  avia-builder-el-no-sibling  first flex_column_div '     ><style type=\"text\/css\" data-created_by=\"avia_inline_auto\" id=\"style-css-av-ljy35h3l-bbc97d891937755bed7a7faa7140eacf\">\n#top .av-special-heading.av-ljy35h3l-bbc97d891937755bed7a7faa7140eacf{\npadding-bottom:10px;\n}\nbody .av-special-heading.av-ljy35h3l-bbc97d891937755bed7a7faa7140eacf .av-special-heading-tag .heading-char{\nfont-size:25px;\n}\n.av-special-heading.av-ljy35h3l-bbc97d891937755bed7a7faa7140eacf .av-subheading{\nfont-size:15px;\n}\n<\/style>\n<div  class='av-special-heading av-ljy35h3l-bbc97d891937755bed7a7faa7140eacf av-special-heading-h1 blockquote modern-quote modern-centered  avia-builder-el-2  avia-builder-el-no-sibling '><h1 class='av-special-heading-tag'  itemprop=\"headline\"  >Autonomous driving<\/h1><div class=\"special-heading-border\"><div class=\"special-heading-inner-border\"><\/div><\/div><\/div><\/div>\n<\/div><\/div><\/div><!-- close content main div --><\/div><\/div>\n<style type=\"text\/css\" data-created_by=\"avia_inline_auto\" id=\"style-css-av-1mnle8-3be5b9187b2e407ee87ea81c07778efb\">\n.avia-section.av-1mnle8-3be5b9187b2e407ee87ea81c07778efb{\nbackground-color:#fcfcfc;\nbackground-image:unset;\n}\n<\/style>\n<div id='av_section_1'  class='avia-section av-1mnle8-3be5b9187b2e407ee87ea81c07778efb main_color avia-section-default avia-no-border-styling  avia-builder-el-3  el_after_av_one_full  el_before_av_section  avia-bg-style-scroll container_wrap fullsize'  ><div class='container av-section-cont-open' ><div class='template-page content  av-content-full alpha units'><div class='post-entry post-entry-type-page post-entry-544'><div class='entry-content-wrapper clearfix'>\n<div class='flex_column av-1cumls-8e2d8682942bc0dc742b1b99ece75fa3 av_one_half  avia-builder-el-4  el_before_av_one_half  avia-builder-el-first  first flex_column_div '     ><style type=\"text\/css\" data-created_by=\"avia_inline_auto\" id=\"style-css-av-4fxd4-0a1e628cc95b3ea7849dbae99d072706\">\n.avia-image-container.av-4fxd4-0a1e628cc95b3ea7849dbae99d072706 img.avia_image{\nbox-shadow:none;\n}\n.avia-image-container.av-4fxd4-0a1e628cc95b3ea7849dbae99d072706 .av-image-caption-overlay-center{\ncolor:#ffffff;\n}\n<\/style>\n<div  class='avia-image-container av-4fxd4-0a1e628cc95b3ea7849dbae99d072706 av-styling- avia-align-center  avia-builder-el-5  avia-builder-el-no-sibling '   itemprop=\"image\" itemscope=\"itemscope\" itemtype=\"https:\/\/schema.org\/ImageObject\" ><div class=\"avia-image-container-inner\"><div class=\"avia-image-overlay-wrap\"><img decoding=\"async\" class='wp-image-285 avia-img-lazy-loading-not-285 avia_image ' src=\"https:\/\/stopdoc.de\/wp-content\/uploads\/2022\/07\/aufmacher-autonomesfahren.jpg\" alt='' title='aufmacher-autonomesfahren'  height=\"534\" width=\"800\"  itemprop=\"thumbnailUrl\" srcset=\"https:\/\/stopdoc.de\/wp-content\/uploads\/2022\/07\/aufmacher-autonomesfahren.jpg 800w, https:\/\/stopdoc.de\/wp-content\/uploads\/2022\/07\/aufmacher-autonomesfahren-300x200.jpg 300w, https:\/\/stopdoc.de\/wp-content\/uploads\/2022\/07\/aufmacher-autonomesfahren-768x513.jpg 768w, https:\/\/stopdoc.de\/wp-content\/uploads\/2022\/07\/aufmacher-autonomesfahren-705x471.jpg 705w\" sizes=\"(max-width: 800px) 100vw, 800px\" \/><\/div><\/div><\/div><\/div><div class='flex_column av-10ed9c-7d6bba934490965084030d9ccc63efe0 av_one_half  avia-builder-el-6  el_after_av_one_half  avia-builder-el-last  flex_column_div '     ><section  class='av_textblock_section av-ljy35tw3-97d54e62ca7c98d4e432fe18d6f55b81'  itemscope=\"itemscope\" itemtype=\"https:\/\/schema.org\/CreativeWork\" ><div class='avia_textblock'  itemprop=\"text\" ><p><span style=\"color: #000000;\"><span lang=\"en-US\">Autonomous driving serves the improvement of road safety and reduce the burden on people and the environment.<\/span><\/span><\/p>\n<p><span style=\"color: #000000;\"><span lang=\"en-US\">In this training, we first approach the topic of autonomous driving with customer acceptance and perception. Then we discuss the technical basics and the physics of the individual sensor systems. Of course, the topic of software and IT security and their high priority are discussed. At the end follows the current state of development, the hurdles to be overcome and the future prospects of autonomous driving.<\/span><\/span><\/p>\n<\/div><\/section><\/div>\n\n<\/div><\/div><\/div><!-- close content main div --><\/div><\/div>\n<style type=\"text\/css\" data-created_by=\"avia_inline_auto\" id=\"style-css-av-f6deg-48f107107b20255974e0dd9c97c01327\">\n.avia-section.av-f6deg-48f107107b20255974e0dd9c97c01327{\nmargin-top:40px;\nmargin-bottom:50px;\n}\n<\/style>\n<div id='av_section_2'  class='avia-section av-f6deg-48f107107b20255974e0dd9c97c01327 main_color avia-section-small avia-no-border-styling  avia-builder-el-8  el_after_av_section  avia-builder-el-last  avia-bg-style-scroll container_wrap fullsize'  ><div class='container av-section-cont-open' ><div class='template-page content  av-content-full alpha units'><div class='post-entry post-entry-type-page post-entry-544'><div class='entry-content-wrapper clearfix'>\n\n<style type=\"text\/css\" data-created_by=\"avia_inline_auto\" id=\"style-css-av-b4o14-114ef1e42a61954269d8dc3bbae4d695\">\n.av_promobox.av-b4o14-114ef1e42a61954269d8dc3bbae4d695{\ncolor:#ffffff;\nbackground:#e8e8e8;\nborder-color:#ffffff;\n}\n<\/style>\n<div  class='av_promobox av-b4o14-114ef1e42a61954269d8dc3bbae4d695 avia-button-yes  avia-builder-el-9  avia-builder-el-no-sibling '><div class='avia-promocontent'><p><strong>If you are looking for training courses for other special topics in vehicle technology, feel free to contact us. We will find a solution.<\/strong><\/p>\n<\/div><div  class='avia-button-wrap av-b4o14-38982ea45906b58638a87431d10a6a97-wrap avia-button-right ' >\n<style type=\"text\/css\" data-created_by=\"avia_inline_auto\" id=\"style-css-av-b4o14-38982ea45906b58638a87431d10a6a97\">\n#top #wrap_all .avia-button.av-b4o14-38982ea45906b58638a87431d10a6a97{\nbackground-color:#b02b2c;\nborder-color:#b02b2c;\ncolor:#ffffff;\n-webkit-transition:all 0.4s ease-in-out;\n-moz-transition:all 0.4s ease-in-out;\n-ms-transition:all 0.4s ease-in-out;\n-o-transition:all 0.4s ease-in-out;\ntransition:all 0.4s ease-in-out;\n}\n<\/style>\n<a href='https:\/\/stopdoc.de\/index.php\/en\/kontakt\/'  class='avia-button av-b4o14-38982ea45906b58638a87431d10a6a97 avia-icon_select-no avia-size-large avia-position-right' ><span class='avia_iconbox_title' >contact<\/span><\/a><\/div><\/div>\n\n","protected":false},"excerpt":{"rendered":"","protected":false},"author":1,"featured_media":0,"parent":232,"menu_order":0,"comment_status":"closed","ping_status":"closed","template":"","meta":{"footnotes":""},"class_list":["post-544","page","type-page","status-publish","hentry"],"yoast_head":"<!-- This site is optimized with the Yoast SEO plugin v27.2 - https:\/\/yoast.com\/product\/yoast-seo-wordpress\/ -->\n<title>Autonomous driving - Stopdoc - Fachvortr\u00e4ge im Bereich Fahrzeugtechnik, Kfz-Elektronik, Management und Personalf\u00fchrung<\/title>\n<meta name=\"robots\" content=\"index, follow, max-snippet:-1, max-image-preview:large, max-video-preview:-1\" \/>\n<link rel=\"canonical\" href=\"https:\/\/stopdoc.de\/index.php\/en\/angebote\/544-2\/\" \/>\n<meta property=\"og:locale\" content=\"de_DE\" \/>\n<meta property=\"og:type\" content=\"article\" \/>\n<meta property=\"og:title\" content=\"Autonomous driving - Stopdoc - Fachvortr\u00e4ge im Bereich Fahrzeugtechnik, Kfz-Elektronik, Management und Personalf\u00fchrung\" \/>\n<meta property=\"og:url\" content=\"https:\/\/stopdoc.de\/index.php\/en\/angebote\/544-2\/\" \/>\n<meta property=\"og:site_name\" content=\"Stopdoc - Fachvortr\u00e4ge im Bereich Fahrzeugtechnik, Kfz-Elektronik, Management und Personalf\u00fchrung\" \/>\n<meta property=\"article:modified_time\" content=\"2023-07-21T06:55:33+00:00\" \/>\n<meta name=\"twitter:card\" content=\"summary_large_image\" \/>\n<meta name=\"twitter:label1\" content=\"Gesch\u00e4tzte Lesezeit\" \/>\n\t<meta name=\"twitter:data1\" content=\"11\u00a0Minuten\" \/>\n<script type=\"application\/ld+json\" class=\"yoast-schema-graph\">{\"@context\":\"https:\/\/schema.org\",\"@graph\":[{\"@type\":\"WebPage\",\"@id\":\"https:\/\/stopdoc.de\/index.php\/en\/angebote\/544-2\/\",\"url\":\"https:\/\/stopdoc.de\/index.php\/en\/angebote\/544-2\/\",\"name\":\"Autonomous driving - Stopdoc - Fachvortr\u00e4ge im Bereich Fahrzeugtechnik, Kfz-Elektronik, Management und Personalf\u00fchrung\",\"isPartOf\":{\"@id\":\"https:\/\/stopdoc.de\/#website\"},\"datePublished\":\"2023-07-11T09:24:39+00:00\",\"dateModified\":\"2023-07-21T06:55:33+00:00\",\"breadcrumb\":{\"@id\":\"https:\/\/stopdoc.de\/index.php\/en\/angebote\/544-2\/#breadcrumb\"},\"inLanguage\":\"de\",\"potentialAction\":[{\"@type\":\"ReadAction\",\"target\":[\"https:\/\/stopdoc.de\/index.php\/en\/angebote\/544-2\/\"]}]},{\"@type\":\"BreadcrumbList\",\"@id\":\"https:\/\/stopdoc.de\/index.php\/en\/angebote\/544-2\/#breadcrumb\",\"itemListElement\":[{\"@type\":\"ListItem\",\"position\":1,\"name\":\"Startseite\",\"item\":\"https:\/\/stopdoc.de\/\"},{\"@type\":\"ListItem\",\"position\":2,\"name\":\"Offer\",\"item\":\"https:\/\/stopdoc.de\/index.php\/en\/angebote\/\"},{\"@type\":\"ListItem\",\"position\":3,\"name\":\"Autonomous driving\"}]},{\"@type\":\"WebSite\",\"@id\":\"https:\/\/stopdoc.de\/#website\",\"url\":\"https:\/\/stopdoc.de\/\",\"name\":\"Stopdoc - Fachvortr\u00e4ge im Bereich Fahrzeugtechnik, Kfz-Elektronik, Management und Personalf\u00fchrung\",\"description\":\"\",\"publisher\":{\"@id\":\"https:\/\/stopdoc.de\/#organization\"},\"potentialAction\":[{\"@type\":\"SearchAction\",\"target\":{\"@type\":\"EntryPoint\",\"urlTemplate\":\"https:\/\/stopdoc.de\/?s={search_term_string}\"},\"query-input\":{\"@type\":\"PropertyValueSpecification\",\"valueRequired\":true,\"valueName\":\"search_term_string\"}}],\"inLanguage\":\"de\"},{\"@type\":\"Organization\",\"@id\":\"https:\/\/stopdoc.de\/#organization\",\"name\":\"StopDoc Training GmbH\",\"url\":\"https:\/\/stopdoc.de\/\",\"logo\":{\"@type\":\"ImageObject\",\"inLanguage\":\"de\",\"@id\":\"https:\/\/stopdoc.de\/#\/schema\/logo\/image\/\",\"url\":\"https:\/\/stopdoc.de\/wp-content\/uploads\/2022\/07\/logo-small-web-schatten-v2.png\",\"contentUrl\":\"https:\/\/stopdoc.de\/wp-content\/uploads\/2022\/07\/logo-small-web-schatten-v2.png\",\"width\":336,\"height\":120,\"caption\":\"StopDoc Training GmbH\"},\"image\":{\"@id\":\"https:\/\/stopdoc.de\/#\/schema\/logo\/image\/\"}}]}<\/script>\n<!-- \/ Yoast SEO plugin. -->","yoast_head_json":{"title":"Autonomous driving - Stopdoc - Fachvortr\u00e4ge im Bereich Fahrzeugtechnik, Kfz-Elektronik, Management und Personalf\u00fchrung","robots":{"index":"index","follow":"follow","max-snippet":"max-snippet:-1","max-image-preview":"max-image-preview:large","max-video-preview":"max-video-preview:-1"},"canonical":"https:\/\/stopdoc.de\/index.php\/en\/angebote\/544-2\/","og_locale":"de_DE","og_type":"article","og_title":"Autonomous driving - Stopdoc - Fachvortr\u00e4ge im Bereich Fahrzeugtechnik, Kfz-Elektronik, Management und Personalf\u00fchrung","og_url":"https:\/\/stopdoc.de\/index.php\/en\/angebote\/544-2\/","og_site_name":"Stopdoc - Fachvortr\u00e4ge im Bereich Fahrzeugtechnik, Kfz-Elektronik, Management und Personalf\u00fchrung","article_modified_time":"2023-07-21T06:55:33+00:00","twitter_card":"summary_large_image","twitter_misc":{"Gesch\u00e4tzte Lesezeit":"11\u00a0Minuten"},"schema":{"@context":"https:\/\/schema.org","@graph":[{"@type":"WebPage","@id":"https:\/\/stopdoc.de\/index.php\/en\/angebote\/544-2\/","url":"https:\/\/stopdoc.de\/index.php\/en\/angebote\/544-2\/","name":"Autonomous driving - Stopdoc - Fachvortr\u00e4ge im Bereich Fahrzeugtechnik, Kfz-Elektronik, Management und Personalf\u00fchrung","isPartOf":{"@id":"https:\/\/stopdoc.de\/#website"},"datePublished":"2023-07-11T09:24:39+00:00","dateModified":"2023-07-21T06:55:33+00:00","breadcrumb":{"@id":"https:\/\/stopdoc.de\/index.php\/en\/angebote\/544-2\/#breadcrumb"},"inLanguage":"de","potentialAction":[{"@type":"ReadAction","target":["https:\/\/stopdoc.de\/index.php\/en\/angebote\/544-2\/"]}]},{"@type":"BreadcrumbList","@id":"https:\/\/stopdoc.de\/index.php\/en\/angebote\/544-2\/#breadcrumb","itemListElement":[{"@type":"ListItem","position":1,"name":"Startseite","item":"https:\/\/stopdoc.de\/"},{"@type":"ListItem","position":2,"name":"Offer","item":"https:\/\/stopdoc.de\/index.php\/en\/angebote\/"},{"@type":"ListItem","position":3,"name":"Autonomous driving"}]},{"@type":"WebSite","@id":"https:\/\/stopdoc.de\/#website","url":"https:\/\/stopdoc.de\/","name":"Stopdoc - Fachvortr\u00e4ge im Bereich Fahrzeugtechnik, Kfz-Elektronik, Management und Personalf\u00fchrung","description":"","publisher":{"@id":"https:\/\/stopdoc.de\/#organization"},"potentialAction":[{"@type":"SearchAction","target":{"@type":"EntryPoint","urlTemplate":"https:\/\/stopdoc.de\/?s={search_term_string}"},"query-input":{"@type":"PropertyValueSpecification","valueRequired":true,"valueName":"search_term_string"}}],"inLanguage":"de"},{"@type":"Organization","@id":"https:\/\/stopdoc.de\/#organization","name":"StopDoc Training GmbH","url":"https:\/\/stopdoc.de\/","logo":{"@type":"ImageObject","inLanguage":"de","@id":"https:\/\/stopdoc.de\/#\/schema\/logo\/image\/","url":"https:\/\/stopdoc.de\/wp-content\/uploads\/2022\/07\/logo-small-web-schatten-v2.png","contentUrl":"https:\/\/stopdoc.de\/wp-content\/uploads\/2022\/07\/logo-small-web-schatten-v2.png","width":336,"height":120,"caption":"StopDoc Training GmbH"},"image":{"@id":"https:\/\/stopdoc.de\/#\/schema\/logo\/image\/"}}]}},"_links":{"self":[{"href":"https:\/\/stopdoc.de\/index.php\/wp-json\/wp\/v2\/pages\/544","targetHints":{"allow":["GET"]}}],"collection":[{"href":"https:\/\/stopdoc.de\/index.php\/wp-json\/wp\/v2\/pages"}],"about":[{"href":"https:\/\/stopdoc.de\/index.php\/wp-json\/wp\/v2\/types\/page"}],"author":[{"embeddable":true,"href":"https:\/\/stopdoc.de\/index.php\/wp-json\/wp\/v2\/users\/1"}],"replies":[{"embeddable":true,"href":"https:\/\/stopdoc.de\/index.php\/wp-json\/wp\/v2\/comments?post=544"}],"version-history":[{"count":5,"href":"https:\/\/stopdoc.de\/index.php\/wp-json\/wp\/v2\/pages\/544\/revisions"}],"predecessor-version":[{"id":576,"href":"https:\/\/stopdoc.de\/index.php\/wp-json\/wp\/v2\/pages\/544\/revisions\/576"}],"up":[{"embeddable":true,"href":"https:\/\/stopdoc.de\/index.php\/wp-json\/wp\/v2\/pages\/232"}],"wp:attachment":[{"href":"https:\/\/stopdoc.de\/index.php\/wp-json\/wp\/v2\/media?parent=544"}],"curies":[{"name":"wp","href":"https:\/\/api.w.org\/{rel}","templated":true}]}}